{"id":9129,"date":"2018-06-02T09:57:20","date_gmt":"2018-06-02T06:57:20","guid":{"rendered":"https:\/\/corall.com.tr\/iletisim\/"},"modified":"2023-03-28T19:36:08","modified_gmt":"2023-03-28T16:36:08","slug":"contact","status":"publish","type":"page","link":"https:\/\/corall.com.tr\/en\/contact\/","title":{"rendered":"Contact"},"content":{"rendered":"<p>[vc_section full_width=&#8221;stretch_row&#8221; css=&#8221;.vc_custom_1519729320894{margin-top: 0px !important;margin-bottom: 0px !important;padding-top: 0px !important;padding-bottom: 0px !important;background-color: #ffffff !important;background-position: center !important;background-repeat: no-repeat !important;background-size: cover !important;}&#8221;][vc_row full_width=&#8221;stretch_row&#8221; gap=&#8221;30&#8243; equal_height=&#8221;yes&#8221; css_animation=&#8221;none&#8221; css=&#8221;.vc_custom_1528091503613{margin-top: 0px !important;margin-bottom: 0px !important;padding-top: 90px !important;padding-bottom: 0px !important;}&#8221;][vc_column css_animation=&#8221;fadeInLeft&#8221; width=&#8221;2\/3&#8243; css=&#8221;.vc_custom_1650211426465{margin-top: 0px !important;margin-bottom: 0px !important;border-top-width: 1px !important;border-right-width: 1px !important;border-bottom-width: 1px !important;border-left-width: 1px !important;padding-top: 30px !important;padding-right: 37px !important;padding-bottom: 37px !important;padding-left: 37px !important;}&#8221;][vc_custom_heading text=&#8221;We listen to you&#8221; font_container=&#8221;tag:h2|font_size:30px|text_align:center|line_height:60px&#8221; use_theme_fonts=&#8221;yes&#8221; css_animation=&#8221;none&#8221; css=&#8221;.vc_custom_1680020527345{margin-top: 0px !important;margin-bottom: 0px !important;padding-top: 0px !important;padding-bottom: 0px !important;}&#8221; el_class=&#8221;font-weight-bold&#8221;][vc_column_text css_animation=&#8221;none&#8221; css=&#8221;.vc_custom_1680021158145{margin-top: 0px !important;margin-bottom: 0px !important;padding-top: 0px !important;padding-right: 0px !important;padding-bottom: 0px !important;padding-left: 0px !important;}&#8221;]<\/p>\n<p style=\"text-align: center;\">Please fill out the form to ensure the fastest and most helpful response.<\/p>\n<p style=\"text-align: center;\">Our expert team will answer your questions and relay your opinions to the relevant department as soon as possible.<\/p>\n<div class=\"wrap mcb-wrap mcb-wrap-yts5dxvp6 one tablet-one mobile-one clearfix\" data-desktop-col=\"one\" data-tablet-col=\"tablet-one\" data-mobile-col=\"mobile-one\">\n<div class=\"mcb-wrap-inner\">\n<div class=\"column mcb-column mcb-item-iptp6pgqy one tablet-one mobile-one column_divider\"><\/div>\n<\/div>\n<\/div>\n<p>[\/vc_column_text][vc_row_inner css=&#8221;.vc_custom_1527923328552{margin-top: 0px !important;margin-bottom: 0px !important;padding-top: 27px !important;padding-bottom: 0px !important;}&#8221;][vc_column_inner]\r<!-- rt-cf7 -->\r<div class=\"radiant-contact-form rt27de7a22b99f8d3 element-one \"  >\n<div class=\"wpcf7 no-js\" id=\"wpcf7-f9134-o1\" lang=\"en-US\" dir=\"ltr\" data-wpcf7-id=\"9134\">\n<div class=\"screen-reader-response\"><p role=\"status\" aria-live=\"polite\" aria-atomic=\"true\"><\/p> <ul><\/ul><\/div>\n<form action=\"\/en\/wp-json\/wp\/v2\/pages\/9129#wpcf7-f9134-o1\" method=\"post\" class=\"wpcf7-form init\" aria-label=\"Contact form\" novalidate=\"novalidate\" data-status=\"init\">\n<fieldset class=\"hidden-fields-container\"><input type=\"hidden\" name=\"_wpcf7\" value=\"9134\" \/><input type=\"hidden\" name=\"_wpcf7_version\" value=\"6.1.5\" \/><input type=\"hidden\" name=\"_wpcf7_locale\" value=\"en_US\" \/><input type=\"hidden\" name=\"_wpcf7_unit_tag\" value=\"wpcf7-f9134-o1\" \/><input type=\"hidden\" name=\"_wpcf7_container_post\" value=\"0\" \/><input type=\"hidden\" name=\"_wpcf7_posted_data_hash\" value=\"\" \/>\n<\/fieldset>\n<div class=\"row\">\n\t<div class=\"col-lg-6 col-md-6 col-sm-12 col-xs-12\">\n\t\t<div class=\"form-row\">\n\t\t\t<p><span class=\"wpcf7-form-control-wrap\" data-name=\"Name\"><input size=\"40\" maxlength=\"400\" class=\"wpcf7-form-control wpcf7-text wpcf7-validates-as-required\" aria-required=\"true\" aria-invalid=\"false\" placeholder=\"Your Name:\" value=\"\" type=\"text\" name=\"Name\" \/><\/span>\n\t\t\t<\/p>\n\t\t<\/div>\n\t<\/div>\n\t<div class=\"col-lg-6 col-md-6 col-sm-12 col-xs-12\">\n\t\t<div class=\"form-row\">\n\t\t\t<p><span class=\"wpcf7-form-control-wrap\" data-name=\"email\"><input size=\"40\" maxlength=\"400\" class=\"wpcf7-form-control wpcf7-email wpcf7-validates-as-required wpcf7-text wpcf7-validates-as-email\" aria-required=\"true\" aria-invalid=\"false\" placeholder=\"Your E-mail:\" value=\"\" type=\"email\" name=\"email\" \/><\/span>\n\t\t\t<\/p>\n\t\t<\/div>\n\t<\/div>\n\t<div class=\"col-lg-6 col-md-6 col-sm-12 col-xs-12\">\n\t\t<div class=\"form-row\">\n\t\t\t<p><span class=\"wpcf7-form-control-wrap\" data-name=\"phone\"><input size=\"40\" maxlength=\"400\" class=\"wpcf7-form-control wpcf7-tel wpcf7-validates-as-required wpcf7-text wpcf7-validates-as-tel\" aria-required=\"true\" aria-invalid=\"false\" placeholder=\"Your Phone Number:\" value=\"\" type=\"tel\" name=\"phone\" \/><\/span>\n\t\t\t<\/p>\n\t\t<\/div>\n\t<\/div>\n\t<div class=\"col-lg-6 col-md-6 col-sm-12 col-xs-12\">\n\t\t<div class=\"form-row\">\n\t\t\t<p><span class=\"wpcf7-form-control-wrap\" data-name=\"subject\"><input size=\"40\" maxlength=\"400\" class=\"wpcf7-form-control wpcf7-text wpcf7-validates-as-required\" aria-required=\"true\" aria-invalid=\"false\" placeholder=\"Subject:\" value=\"\" type=\"text\" name=\"subject\" \/><\/span>\n\t\t\t<\/p>\n\t\t<\/div>\n\t<\/div>\n\t<div class=\"col-lg-12 col-md-12 col-sm-12 col-xs-12\">\n\t\t<div class=\"form-row\">\n\t\t\t<p><span class=\"wpcf7-form-control-wrap\" data-name=\"message\"><textarea cols=\"40\" rows=\"10\" maxlength=\"2000\" class=\"wpcf7-form-control wpcf7-textarea wpcf7-validates-as-required\" aria-required=\"true\" aria-invalid=\"false\" placeholder=\"Your Message:\" name=\"message\"><\/textarea><\/span>\n\t\t\t<\/p>\n\t\t<\/div>\n\t<\/div>\n\t<div class=\"col-lg-12 col-md-12 col-sm-12 col-xs-12\">\n\t\t<div class=\"form-row last text-center\">\n\t\t\t<p><input class=\"wpcf7-form-control wpcf7-submit has-spinner custom-btn-submit\" type=\"submit\" value=\"Submit\" \/>\n\t\t\t<\/p>\n\t\t<\/div>\n\t<\/div>\n<\/div><div class=\"wpcf7-response-output\" aria-hidden=\"true\"><\/div>\n<\/form>\n<\/div>\n<div class=\"clearfix\"><\/div><\/div><!-- rt-cf7 -->\r[\/vc_column_inner][\/vc_row_inner][\/vc_column][vc_column css_animation=&#8221;fadeInLeft&#8221; width=&#8221;1\/3&#8243; css=&#8221;.vc_custom_1533816542789{margin-top: 0px !important;margin-bottom: 0px !important;border-top-width: 1px !important;border-right-width: 1px !important;border-bottom-width: 1px !important;border-left-width: 1px !important;padding-top: 0px !important;padding-right: 0px !important;padding-bottom: 0px !important;padding-left: 0px !important;background-image: url(http:\/\/corall.com.tr\/wp-content\/uploads\/2018\/06\/building-0001.png?id=7367) !important;background-position: center !important;background-repeat: no-repeat !important;background-size: contain !important;border-left-color: #dcdcdc !important;border-left-style: solid !important;border-right-color: #dcdcdc !important;border-right-style: solid !important;border-top-color: #dcdcdc !important;border-top-style: solid !important;border-bottom-color: #dcdcdc !important;border-bottom-style: solid !important;}&#8221; el_class=&#8221;background-position-right-bottom&#8221;][vc_single_image image=&#8221;9084&#8243; img_size=&#8221;full&#8221; css=&#8221;.vc_custom_1649983788580{margin-top: 0px !important;margin-bottom: 0px !important;padding-top: 0px !important;padding-bottom: 0px !important;}&#8221;][vc_row_inner css=&#8221;.vc_custom_1528088143343{margin-top: 0px !important;margin-bottom: 0px !important;padding-top: 25px !important;padding-right: 40px !important;padding-bottom: 15px !important;padding-left: 40px !important;background-position: center !important;background-repeat: no-repeat !important;background-size: contain !important;}&#8221;][vc_column_inner css=&#8221;.vc_custom_1528363710871{margin-top: 0px !important;margin-bottom: 0px !important;padding-top: 0px !important;padding-right: 0px !important;padding-bottom: 0px !important;padding-left: 0px !important;background-position: center !important;background-repeat: no-repeat !important;background-size: cover !important;}&#8221;][vc_custom_heading text=&#8221;Headquarters and Production Facility&#8221; font_container=&#8221;tag:p|font_size:15px|text_align:left|line_height:27px&#8221; use_theme_fonts=&#8221;yes&#8221; el_class=&#8221;font-weight-medium&#8221;][\/vc_column_inner][\/vc_row_inner][vc_row_inner css=&#8221;.vc_custom_1528091177532{margin-top: 0px !important;margin-bottom: 0px !important;padding-top: 0px !important;padding-right: 40px !important;padding-bottom: 10px !important;padding-left: 40px !important;background-position: center !important;background-repeat: no-repeat !important;background-size: contain !important;}&#8221;][vc_column_inner width=&#8221;1\/12&#8243; css=&#8221;.vc_custom_1528091185851{margin-top: 0px !important;margin-bottom: 0px !important;padding-top: 0px !important;padding-right: 0px !important;padding-bottom: 0px !important;padding-left: 0px !important;background-position: center !important;background-repeat: no-repeat !important;background-size: cover !important;}&#8221;]<div class=\"radiantthemes-iconbox element-one  rt3294039579\"  data-border-radius=\"square\"><div class=\"radiantthemes-iconbox-holder   vc_custom_1528107253835\"><i class=\"icofont icofont-location-pin\"><\/i> <\/div><\/div>[\/vc_column_inner][vc_column_inner width=&#8221;11\/12&#8243; css=&#8221;.vc_custom_1528089109924{margin-top: 0px !important;margin-bottom: 0px !important;margin-left: 0px !important;padding-top: 0px !important;padding-bottom: 0px !important;padding-left: 4px !important;}&#8221;][vc_custom_heading text=&#8221;15 Temmuz Mah.<br \/>\n1507 Sok. No:12<br \/>\nG\u00fcne\u015fli, 34212 \u0130stanbul\/T\u00fcrkiye&#8221; font_container=&#8221;tag:p|font_size:15px|text_align:left&#8221; use_theme_fonts=&#8221;yes&#8221;][\/vc_column_inner][\/vc_row_inner][vc_row_inner css=&#8221;.vc_custom_1528088872846{margin-top: 0px !important;margin-bottom: 0px !important;padding-top: 3px !important;padding-right: 40px !important;padding-bottom: 8px !important;padding-left: 40px !important;background-position: center !important;background-repeat: no-repeat !important;background-size: contain !important;}&#8221;][vc_column_inner width=&#8221;1\/12&#8243; css=&#8221;.vc_custom_1528091320188{margin-top: 0px !important;margin-bottom: 0px !important;padding-top: 0px !important;padding-right: 0px !important;padding-bottom: 0px !important;padding-left: 0px !important;background-position: center !important;background-repeat: no-repeat !important;background-size: cover !important;}&#8221;]<div class=\"radiantthemes-iconbox element-one  rt4128458597\"  data-border-radius=\"square\"><div class=\"radiantthemes-iconbox-holder   vc_custom_1528107338966\"><i class=\"icofont icofont-phone\"><\/i> <\/div><\/div>[\/vc_column_inner][vc_column_inner width=&#8221;11\/12&#8243; css=&#8221;.vc_custom_1528089101901{margin-top: 0px !important;margin-bottom: 0px !important;margin-left: 0px !important;padding-top: 0px !important;padding-bottom: 0px !important;padding-left: 4px !important;}&#8221;][vc_custom_heading text=&#8221;+90 (212) 446 00 00&#8243; font_container=&#8221;tag:p|font_size:15px|text_align:left&#8221; use_theme_fonts=&#8221;yes&#8221;][\/vc_column_inner][\/vc_row_inner][vc_row_inner css=&#8221;.vc_custom_1528089285463{margin-top: 0px !important;margin-bottom: 0px !important;padding-top: 6px !important;padding-right: 40px !important;padding-bottom: 20px !important;padding-left: 40px !important;background-position: center !important;background-repeat: no-repeat !important;background-size: cover !important;}&#8221;][vc_column_inner width=&#8221;1\/12&#8243; css=&#8221;.vc_custom_1528091341092{margin-top: 0px !important;margin-bottom: 0px !important;padding-top: 0px !important;padding-right: 0px !important;padding-bottom: 0px !important;padding-left: 0px !important;background-position: center !important;background-repeat: no-repeat !important;background-size: cover !important;}&#8221;]<div class=\"radiantthemes-iconbox element-one  rt236578881\"  data-border-radius=\"square\"><div class=\"radiantthemes-iconbox-holder   vc_custom_1528107416654\"><i class=\"icofont icofont-envelope\"><\/i> <\/div><\/div>[\/vc_column_inner][vc_column_inner width=&#8221;11\/12&#8243; css=&#8221;.vc_custom_1528089089036{margin-top: 0px !important;margin-bottom: 0px !important;margin-left: 0px !important;padding-top: 0px !important;padding-bottom: 0px !important;padding-left: 4px !important;}&#8221;][vc_custom_heading text=&#8221;hello@corall.com.tr&#8221; font_container=&#8221;tag:p|font_size:15px|text_align:left&#8221; use_theme_fonts=&#8221;yes&#8221; link=&#8221;url:mailto%3Ahello%40corall.com.tr&#8221;][\/vc_column_inner][\/vc_row_inner][\/vc_column][\/vc_row][vc_row full_width=&#8221;stretch_row&#8221; gap=&#8221;25&#8243; equal_height=&#8221;yes&#8221; css_animation=&#8221;none&#8221; css=&#8221;.vc_custom_1650211514633{margin-top: 0px !important;margin-right: 2px !important;margin-bottom: 0px !important;margin-left: 2px !important;padding-top: 80px !important;padding-bottom: 100px !important;}&#8221;][vc_column css_animation=&#8221;fadeInRight&#8221; css=&#8221;.vc_custom_1650211469765{margin-top: 0px !important;margin-bottom: 0px !important;padding-top: 0px !important;padding-right: 0px !important;padding-bottom: 0px !important;padding-left: 0px !important;}&#8221; offset=&#8221;vc_col-xs-12&#8243;][vc_gmaps link=&#8221;#E-8_JTNDaWZyYW1lJTIwc3JjJTNEJTIyaHR0cHMlM0ElMkYlMkZ3d3cuZ29vZ2xlLmNvbSUyRm1hcHMlMkZlbWJlZCUzRnBiJTNEJTIxMW0xOCUyMTFtMTIlMjExbTMlMjExZDE1MDQuNjA1NzY4NzAxNDMwOSUyMTJkMjguODEwNTMyMzM4NzQ4MTc4JTIxM2Q0MS4wNDI1MDI4OTk5OTk5OTUlMjEybTMlMjExZjAlMjEyZjAlMjEzZjAlMjEzbTIlMjExaTEwMjQlMjEyaTc2OCUyMTRmMTMuMSUyMTNtMyUyMTFtMiUyMTFzMHgxNGNhYTVhYTU4OTFkZjQ1JTI1M0EweGRkMTBiMDM4MTJlZGE4MCUyMTJzTWVyY2FuJTI1MjBiaW90ZWNoJTIxNWUwJTIxM20yJTIxMXN0ciUyMTJzdHIlMjE0djE2NDk5ODM0NDkyNjklMjE1bTIlMjExc3RyJTIxMnN0ciUyMiUyMHdpZHRoJTNEJTIyMTE0MCUyMiUyMGhlaWdodCUzRCUyMjQzMCUyMiUyMHN0eWxlJTNEJTIyYm9yZGVyJTNBMCUzQiUyMiUyMGFsbG93ZnVsbHNjcmVlbiUzRCUyMiUyMiUyMGxvYWRpbmclM0QlMjJsYXp5JTIyJTIwcmVmZXJyZXJwb2xpY3klM0QlMjJuby1yZWZlcnJlci13aGVuLWRvd25ncmFkZSUyMiUzRSUzQyUyRmlmcmFtZSUzRQ==&#8221; el_class=&#8221;map&#8221;][vc_row_inner disable_element=&#8221;yes&#8221; css=&#8221;.vc_custom_1650211481047{margin-top: 0px !important;margin-bottom: 0px !important;padding-top: 0px !important;padding-bottom: 0px !important;}&#8221;][vc_column_inner width=&#8221;1\/2&#8243;][vc_custom_heading text=&#8221;Contact Info&#8221; font_container=&#8221;tag:h3|font_size:22px|text_align:left|line_height:24px&#8221; use_theme_fonts=&#8221;yes&#8221; css=&#8221;.vc_custom_1528107457120{margin-top: 0px !important;margin-bottom: 14px !important;padding-top: 30px !important;padding-bottom: 0px !important;}&#8221; el_class=&#8221;font-weight-bold&#8221;][vc_column_text el_class=&#8221;contact-info-custom&#8221; css=&#8221;.vc_custom_1527923432606{margin-top: 0px !important;margin-bottom: 0px !important;padding-top: 0px !important;padding-bottom: 0px !important;}&#8221;]<strong>Address:<\/strong> 121 King Street, Melbourne Victoria 3000 Australia[\/vc_column_text][\/vc_column_inner][vc_column_inner width=&#8221;1\/2&#8243;][vc_column_text el_class=&#8221;contact-info-custom&#8221; css=&#8221;.vc_custom_1527923465794{margin-top: 0px !important;margin-bottom: 0px !important;padding-top: 0px !important;padding-bottom: 0px !important;}&#8221;]<strong>Phone:<\/strong> (888)123-4567<\/p>\n<p><strong>Email:<\/strong> info@example.com[\/vc_column_text][\/vc_column_inner][\/vc_row_inner][\/vc_column][\/vc_row][\/vc_section]<\/p>\n","protected":false},"excerpt":{"rendered":"<p>[vc_section full_width=&#8221;stretch_row&#8221; css=&#8221;.vc_custom_1519729320894{margin-top: 0px !important;margin-bottom: 0px !important;padding-top: 0px !important;padding-bottom: 0px !important;background-color: #ffffff !important;background-position: center !important;background-repeat: no-repeat !important;background-size: cover !important;}&#8221;][vc_row full_width=&#8221;stretch_row&#8221; gap=&#8221;30&#8243; equal_height=&#8221;yes&#8221; css_animation=&#8221;none&#8221; css=&#8221;.vc_custom_1528091503613{margin-top: 0px !important;margin-bottom: 0px !important;padding-top: 90px !important;padding-bottom: 0px !important;}&#8221;][vc_column css_animation=&#8221;fadeInLeft&#8221; width=&#8221;2\/3&#8243; css=&#8221;.vc_custom_1650211426465{margin-top: 0px !important;margin-bottom: 0px !important;border-top-width: 1px !important;border-right-width: 1px !important;border-bottom-width: 1px !important;border-left-width: 1px !important;padding-top: 30px !important;padding-right: 37px !important;padding-bottom: 37px !important;padding-left: 37px !important;}&#8221;][vc_custom_heading [&hellip;]<\/p>\n","protected":false},"author":1,"featured_media":0,"parent":0,"menu_order":0,"comment_status":"closed","ping_status":"closed","template":"","meta":{"footnotes":""},"class_list":["post-9129","page","type-page","status-publish","hentry"],"yoast_head":"<!-- This site is optimized with the Yoast SEO plugin v27.1.1 - https:\/\/yoast.com\/product\/yoast-seo-wordpress\/ -->\n<title>Contact | CORALL<\/title>\n<meta name=\"robots\" content=\"index, follow, max-snippet:-1, max-image-preview:large, max-video-preview:-1\" \/>\n<link rel=\"canonical\" href=\"https:\/\/corall.com.tr\/en\/contact\/\" \/>\n<meta property=\"og:locale\" content=\"en_US\" \/>\n<meta property=\"og:type\" content=\"article\" \/>\n<meta property=\"og:title\" content=\"Contact | CORALL\" \/>\n<meta property=\"og:description\" content=\"[vc_section full_width=&#8221;stretch_row&#8221; css=&#8221;.vc_custom_1519729320894{margin-top: 0px !important;margin-bottom: 0px !important;padding-top: 0px !important;padding-bottom: 0px !important;background-color: #ffffff !important;background-position: center !important;background-repeat: no-repeat !important;background-size: cover !important;}&#8221;][vc_row full_width=&#8221;stretch_row&#8221; gap=&#8221;30&#8243; equal_height=&#8221;yes&#8221; css_animation=&#8221;none&#8221; css=&#8221;.vc_custom_1528091503613{margin-top: 0px !important;margin-bottom: 0px !important;padding-top: 90px !important;padding-bottom: 0px !important;}&#8221;][vc_column css_animation=&#8221;fadeInLeft&#8221; width=&#8221;2\/3&#8243; css=&#8221;.vc_custom_1650211426465{margin-top: 0px !important;margin-bottom: 0px !important;border-top-width: 1px !important;border-right-width: 1px !important;border-bottom-width: 1px !important;border-left-width: 1px !important;padding-top: 30px !important;padding-right: 37px !important;padding-bottom: 37px !important;padding-left: 37px !important;}&#8221;][vc_custom_heading [&hellip;]\" \/>\n<meta property=\"og:url\" content=\"https:\/\/corall.com.tr\/en\/contact\/\" \/>\n<meta property=\"og:site_name\" content=\"CORALL\" \/>\n<meta property=\"article:publisher\" content=\"https:\/\/www.facebook.com\/corallofficial\" \/>\n<meta property=\"article:modified_time\" content=\"2023-03-28T16:36:08+00:00\" \/>\n<meta name=\"twitter:card\" content=\"summary_large_image\" \/>\n<meta name=\"twitter:site\" content=\"@corallofficial\" \/>\n<meta name=\"twitter:label1\" content=\"Est. reading time\" \/>\n\t<meta name=\"twitter:data1\" content=\"4 minutes\" \/>\n<script type=\"application\/ld+json\" class=\"yoast-schema-graph\">{\"@context\":\"https:\/\/schema.org\",\"@graph\":[{\"@type\":\"WebPage\",\"@id\":\"https:\/\/corall.com.tr\/en\/contact\/\",\"url\":\"https:\/\/corall.com.tr\/en\/contact\/\",\"name\":\"Contact | CORALL\",\"isPartOf\":{\"@id\":\"https:\/\/corall.com.tr\/#website\"},\"datePublished\":\"2018-06-02T06:57:20+00:00\",\"dateModified\":\"2023-03-28T16:36:08+00:00\",\"breadcrumb\":{\"@id\":\"https:\/\/corall.com.tr\/en\/contact\/#breadcrumb\"},\"inLanguage\":\"en-US\",\"potentialAction\":[{\"@type\":\"ReadAction\",\"target\":[\"https:\/\/corall.com.tr\/en\/contact\/\"]}]},{\"@type\":\"BreadcrumbList\",\"@id\":\"https:\/\/corall.com.tr\/en\/contact\/#breadcrumb\",\"itemListElement\":[{\"@type\":\"ListItem\",\"position\":1,\"name\":\"Anasayfa\",\"item\":\"https:\/\/corall.com.tr\/\"},{\"@type\":\"ListItem\",\"position\":2,\"name\":\"Contact\"}]},{\"@type\":\"WebSite\",\"@id\":\"https:\/\/corall.com.tr\/#website\",\"url\":\"https:\/\/corall.com.tr\/\",\"name\":\"CORALL\",\"description\":\"\u00d6nce Do\u011fal, Sonra Corall\",\"publisher\":{\"@id\":\"https:\/\/corall.com.tr\/#organization\"},\"potentialAction\":[{\"@type\":\"SearchAction\",\"target\":{\"@type\":\"EntryPoint\",\"urlTemplate\":\"https:\/\/corall.com.tr\/?s={search_term_string}\"},\"query-input\":{\"@type\":\"PropertyValueSpecification\",\"valueRequired\":true,\"valueName\":\"search_term_string\"}}],\"inLanguage\":\"en-US\"},{\"@type\":\"Organization\",\"@id\":\"https:\/\/corall.com.tr\/#organization\",\"name\":\"Corall\",\"url\":\"https:\/\/corall.com.tr\/\",\"logo\":{\"@type\":\"ImageObject\",\"inLanguage\":\"en-US\",\"@id\":\"https:\/\/corall.com.tr\/#\/schema\/logo\/image\/\",\"url\":\"https:\/\/corall.com.tr\/wp-content\/uploads\/2022\/04\/Corall-web-logo.png\",\"contentUrl\":\"https:\/\/corall.com.tr\/wp-content\/uploads\/2022\/04\/Corall-web-logo.png\",\"width\":403,\"height\":112,\"caption\":\"Corall\"},\"image\":{\"@id\":\"https:\/\/corall.com.tr\/#\/schema\/logo\/image\/\"},\"sameAs\":[\"https:\/\/www.facebook.com\/corallofficial\",\"https:\/\/x.com\/corallofficial\",\"https:\/\/www.instagram.com\/corallofficial\",\"https:\/\/www.youtube.com\/\"]}]}<\/script>\n<!-- \/ Yoast SEO plugin. -->","yoast_head_json":{"title":"Contact | CORALL","robots":{"index":"index","follow":"follow","max-snippet":"max-snippet:-1","max-image-preview":"max-image-preview:large","max-video-preview":"max-video-preview:-1"},"canonical":"https:\/\/corall.com.tr\/en\/contact\/","og_locale":"en_US","og_type":"article","og_title":"Contact | CORALL","og_description":"[vc_section full_width=&#8221;stretch_row&#8221; css=&#8221;.vc_custom_1519729320894{margin-top: 0px !important;margin-bottom: 0px !important;padding-top: 0px !important;padding-bottom: 0px !important;background-color: #ffffff !important;background-position: center !important;background-repeat: no-repeat !important;background-size: cover !important;}&#8221;][vc_row full_width=&#8221;stretch_row&#8221; gap=&#8221;30&#8243; equal_height=&#8221;yes&#8221; css_animation=&#8221;none&#8221; css=&#8221;.vc_custom_1528091503613{margin-top: 0px !important;margin-bottom: 0px !important;padding-top: 90px !important;padding-bottom: 0px !important;}&#8221;][vc_column css_animation=&#8221;fadeInLeft&#8221; width=&#8221;2\/3&#8243; css=&#8221;.vc_custom_1650211426465{margin-top: 0px !important;margin-bottom: 0px !important;border-top-width: 1px !important;border-right-width: 1px !important;border-bottom-width: 1px !important;border-left-width: 1px !important;padding-top: 30px !important;padding-right: 37px !important;padding-bottom: 37px !important;padding-left: 37px !important;}&#8221;][vc_custom_heading [&hellip;]","og_url":"https:\/\/corall.com.tr\/en\/contact\/","og_site_name":"CORALL","article_publisher":"https:\/\/www.facebook.com\/corallofficial","article_modified_time":"2023-03-28T16:36:08+00:00","twitter_card":"summary_large_image","twitter_site":"@corallofficial","twitter_misc":{"Est. reading time":"4 minutes"},"schema":{"@context":"https:\/\/schema.org","@graph":[{"@type":"WebPage","@id":"https:\/\/corall.com.tr\/en\/contact\/","url":"https:\/\/corall.com.tr\/en\/contact\/","name":"Contact | CORALL","isPartOf":{"@id":"https:\/\/corall.com.tr\/#website"},"datePublished":"2018-06-02T06:57:20+00:00","dateModified":"2023-03-28T16:36:08+00:00","breadcrumb":{"@id":"https:\/\/corall.com.tr\/en\/contact\/#breadcrumb"},"inLanguage":"en-US","potentialAction":[{"@type":"ReadAction","target":["https:\/\/corall.com.tr\/en\/contact\/"]}]},{"@type":"BreadcrumbList","@id":"https:\/\/corall.com.tr\/en\/contact\/#breadcrumb","itemListElement":[{"@type":"ListItem","position":1,"name":"Anasayfa","item":"https:\/\/corall.com.tr\/"},{"@type":"ListItem","position":2,"name":"Contact"}]},{"@type":"WebSite","@id":"https:\/\/corall.com.tr\/#website","url":"https:\/\/corall.com.tr\/","name":"CORALL","description":"\u00d6nce Do\u011fal, Sonra Corall","publisher":{"@id":"https:\/\/corall.com.tr\/#organization"},"potentialAction":[{"@type":"SearchAction","target":{"@type":"EntryPoint","urlTemplate":"https:\/\/corall.com.tr\/?s={search_term_string}"},"query-input":{"@type":"PropertyValueSpecification","valueRequired":true,"valueName":"search_term_string"}}],"inLanguage":"en-US"},{"@type":"Organization","@id":"https:\/\/corall.com.tr\/#organization","name":"Corall","url":"https:\/\/corall.com.tr\/","logo":{"@type":"ImageObject","inLanguage":"en-US","@id":"https:\/\/corall.com.tr\/#\/schema\/logo\/image\/","url":"https:\/\/corall.com.tr\/wp-content\/uploads\/2022\/04\/Corall-web-logo.png","contentUrl":"https:\/\/corall.com.tr\/wp-content\/uploads\/2022\/04\/Corall-web-logo.png","width":403,"height":112,"caption":"Corall"},"image":{"@id":"https:\/\/corall.com.tr\/#\/schema\/logo\/image\/"},"sameAs":["https:\/\/www.facebook.com\/corallofficial","https:\/\/x.com\/corallofficial","https:\/\/www.instagram.com\/corallofficial","https:\/\/www.youtube.com\/"]}]}},"_links":{"self":[{"href":"https:\/\/corall.com.tr\/en\/wp-json\/wp\/v2\/pages\/9129","targetHints":{"allow":["GET"]}}],"collection":[{"href":"https:\/\/corall.com.tr\/en\/wp-json\/wp\/v2\/pages"}],"about":[{"href":"https:\/\/corall.com.tr\/en\/wp-json\/wp\/v2\/types\/page"}],"author":[{"embeddable":true,"href":"https:\/\/corall.com.tr\/en\/wp-json\/wp\/v2\/users\/1"}],"replies":[{"embeddable":true,"href":"https:\/\/corall.com.tr\/en\/wp-json\/wp\/v2\/comments?post=9129"}],"version-history":[{"count":0,"href":"https:\/\/corall.com.tr\/en\/wp-json\/wp\/v2\/pages\/9129\/revisions"}],"wp:attachment":[{"href":"https:\/\/corall.com.tr\/en\/wp-json\/wp\/v2\/media?parent=9129"}],"curies":[{"name":"wp","href":"https:\/\/api.w.org\/{rel}","templated":true}]}}