{"id":9167,"date":"2018-05-10T11:48:14","date_gmt":"2018-05-10T08:48:14","guid":{"rendered":"https:\/\/corall.com.tr\/series\/uncategorized\/apple\/"},"modified":"2023-03-28T21:23:50","modified_gmt":"2023-03-28T18:23:50","slug":"apple","status":"publish","type":"product","link":"https:\/\/corall.com.tr\/en\/series\/bewell\/apple\/","title":{"rendered":"Corall Apple"},"content":{"rendered":"<p>[vc_row][vc_column width=&#8221;1\/2&#8243;][vc_column_text]<\/p>\n<h2><strong><u>Minerals &amp; Botanicals<\/u><\/strong><\/h2>\n<p><strong>Apple Extract<\/strong><\/p>\n<p>The apple&#8217;s rich fiber and antioxidant compounds protect your heart and arteries, thanks to its cholesterol-lowering qualities, helping prevent the onset of diabetes and obesity.With its antioxidant qualities, the apple is also very useful in areas such as liver health and cholesterol regulation.<\/p>\n<p>&nbsp;<\/p>\n<p><strong>Probiotics<\/strong><\/p>\n<p>Probiotics help the body by regulating gut microbiota.<\/p>\n<p>&nbsp;<\/p>\n<p><strong>Silymarin<\/strong><\/p>\n<p>Silymarin is an antioxidant derived from Silybum marianum (thistle) seeds. It is widely used for treating liver diseases.<\/p>\n<p>&nbsp;<\/p>\n<p><strong>Cobalamin<\/strong><\/p>\n<p>Cobalamin is beneficial for the synthesis of fatty acids and energy production.[\/vc_column_text][\/vc_column][vc_column width=&#8221;1\/2&#8243;][vc_column_text]<\/p>\n<h2><strong><u>Clinical Studies<\/u><\/strong><\/h2>\n<p>Apple\u00a0 Attenuates Oxidative Stress and Reduces the Risk of Obesity in High-Fat-Fed Male Wistar Rats<br \/>\n<a href=\"https:\/\/pubmed.ncbi.nlm.nih.gov\/29091513\/\">https:\/\/pubmed.ncbi.nlm.nih.gov\/29091513\/<\/a><\/p>\n<p>&nbsp;<\/p>\n<p>Acetic Acid Supplementation: Effect on Resting and Exercise Energy Expenditure and Substrate Utilization<br \/>\n<a href=\"https:\/\/pubmed.ncbi.nlm.nih.gov\/34055150\/\">https:\/\/pubmed.ncbi.nlm.nih.gov\/34055150\/<\/a><\/p>\n<p>&nbsp;<\/p>\n<p>The effect of apple on lipid profiles and glycemic parameters: a systematic review and meta-analysis of randomized clinical trials<br \/>\n<a href=\"https:\/\/pubmed.ncbi.nlm.nih.gov\/34187442\/\">https:\/\/pubmed.ncbi.nlm.nih.gov\/34187442\/<\/a><\/p>\n<p>&nbsp;<\/p>\n<p>The Mechanisms of Action of Curcumin in Alzheimer&#8217;s Disease<br \/>\n<a href=\"https:\/\/pubmed.ncbi.nlm.nih.gov\/28527218\/\">https:\/\/pubmed.ncbi.nlm.nih.gov\/28527218\/<\/a><\/p>\n<p>&nbsp;<\/p>\n<p>Probiotic supplementation in diabetic hemodialysis patients has beneficial metabolic effects<br \/>\n<a href=\"https:\/\/pubmed.ncbi.nlm.nih.gov\/27927601\/\">https:\/\/pubmed.ncbi.nlm.nih.gov\/27927601\/<\/a>[\/vc_column_text][\/vc_column][\/vc_row]<\/p>\n","protected":false},"excerpt":{"rendered":"<h2><strong>MANAGE YOUR OWN WEIGHT<\/strong><\/h2>\n<p>People who want to manage their weight<br \/>\nPeople with a high body fat ratio<\/p>\n<p><strong>Contents:<\/strong> 30 Capsules<\/p>\n<p><strong>Recommended Use:<\/strong>\u00a0 One capsule once or twice a day is recommended.<\/p>\n<p>&nbsp;<\/p>\n<h2><strong><u>BENEFITS<\/u><\/strong><\/h2>\n<p><strong>AN APPLE A DAY&#8230;<br \/>\n<\/strong>Apple helps manage a healthy weight by regulating blood sugar levels.<\/p>\n<p><strong>ANTI-CHOLESTEROL<br \/>\n<\/strong>The synergy of apples and probiotics is your greatest help in regulating cholesterol levels.<\/p>\n<p><strong>LET&#8217;S DETOX<br \/>\n<\/strong>A toxic buildup in our bodies can prevent the liver from working properly.<br \/>\nGinger and silybin help the liver cells&#8217; external membrane structure and help maintain a healthy liver function.<\/p>\n","protected":false},"featured_media":9106,"comment_status":"closed","ping_status":"closed","template":"","meta":[],"product_brand":[],"product_cat":[108],"product_tag":[],"class_list":{"0":"post-9167","1":"product","2":"type-product","3":"status-publish","4":"has-post-thumbnail","6":"product_cat-bewell","8":"first","9":"instock","10":"sale","11":"featured","12":"taxable","13":"shipping-taxable","14":"purchasable","15":"product-type-simple"},"yoast_head":"<!-- This site is optimized with the Yoast SEO plugin v27.5 - https:\/\/yoast.com\/product\/yoast-seo-wordpress\/ -->\n<title>Corall Apple | CORALL<\/title>\n<meta name=\"description\" content=\"Kilonuzu kontrol etmenize ve y\u00f6netmenize yard\u0131mc\u0131 olacak Corall Apple&#039;\u0131 corall.com.tr&#039;den hemen sipari\u015f verebilirsiniz. \u00d6nce Do\u011fal, Sonra Corall.\" \/>\n<meta name=\"robots\" content=\"index, follow, max-snippet:-1, max-image-preview:large, max-video-preview:-1\" \/>\n<link rel=\"canonical\" href=\"https:\/\/corall.com.tr\/en\/series\/bewell\/apple\/\" \/>\n<meta property=\"og:locale\" content=\"en_US\" \/>\n<meta property=\"og:type\" content=\"article\" \/>\n<meta property=\"og:title\" content=\"Corall Apple | CORALL\" \/>\n<meta property=\"og:description\" content=\"Kilonuzu kontrol etmenize ve y\u00f6netmenize yard\u0131mc\u0131 olacak Corall Apple&#039;\u0131 corall.com.tr&#039;den hemen sipari\u015f verebilirsiniz. \u00d6nce Do\u011fal, Sonra Corall.\" \/>\n<meta property=\"og:url\" content=\"https:\/\/corall.com.tr\/en\/series\/bewell\/apple\/\" \/>\n<meta property=\"og:site_name\" content=\"CORALL\" \/>\n<meta property=\"article:publisher\" content=\"https:\/\/www.facebook.com\/corallofficial\" \/>\n<meta property=\"article:modified_time\" content=\"2023-03-28T18:23:50+00:00\" \/>\n<meta property=\"og:image\" content=\"https:\/\/corall.com.tr\/wp-content\/uploads\/2022\/06\/Corall-Apple.jpg\" \/>\n\t<meta property=\"og:image:width\" content=\"1118\" \/>\n\t<meta property=\"og:image:height\" content=\"1320\" \/>\n\t<meta property=\"og:image:type\" content=\"image\/jpeg\" \/>\n<meta name=\"twitter:card\" content=\"summary_large_image\" \/>\n<meta name=\"twitter:site\" content=\"@corallofficial\" \/>\n<meta name=\"twitter:label1\" content=\"Est. reading time\" \/>\n\t<meta name=\"twitter:data1\" content=\"1 minute\" \/>\n<script type=\"application\/ld+json\" class=\"yoast-schema-graph\">{\"@context\":\"https:\\\/\\\/schema.org\",\"@graph\":[{\"@type\":\"WebPage\",\"@id\":\"https:\\\/\\\/corall.com.tr\\\/en\\\/series\\\/bewell\\\/apple\\\/\",\"url\":\"https:\\\/\\\/corall.com.tr\\\/en\\\/series\\\/bewell\\\/apple\\\/\",\"name\":\"Corall Apple | CORALL\",\"isPartOf\":{\"@id\":\"https:\\\/\\\/corall.com.tr\\\/#website\"},\"primaryImageOfPage\":{\"@id\":\"https:\\\/\\\/corall.com.tr\\\/en\\\/series\\\/bewell\\\/apple\\\/#primaryimage\"},\"image\":{\"@id\":\"https:\\\/\\\/corall.com.tr\\\/en\\\/series\\\/bewell\\\/apple\\\/#primaryimage\"},\"thumbnailUrl\":\"https:\\\/\\\/corall.com.tr\\\/wp-content\\\/uploads\\\/2022\\\/06\\\/Corall-Apple.jpg\",\"datePublished\":\"2018-05-10T08:48:14+00:00\",\"dateModified\":\"2023-03-28T18:23:50+00:00\",\"description\":\"Kilonuzu kontrol etmenize ve y\u00f6netmenize yard\u0131mc\u0131 olacak Corall Apple'\u0131 corall.com.tr'den hemen sipari\u015f verebilirsiniz. \u00d6nce Do\u011fal, Sonra Corall.\",\"breadcrumb\":{\"@id\":\"https:\\\/\\\/corall.com.tr\\\/en\\\/series\\\/bewell\\\/apple\\\/#breadcrumb\"},\"inLanguage\":\"en-US\",\"potentialAction\":[{\"@type\":\"ReadAction\",\"target\":[\"https:\\\/\\\/corall.com.tr\\\/en\\\/series\\\/bewell\\\/apple\\\/\"]}]},{\"@type\":\"ImageObject\",\"inLanguage\":\"en-US\",\"@id\":\"https:\\\/\\\/corall.com.tr\\\/en\\\/series\\\/bewell\\\/apple\\\/#primaryimage\",\"url\":\"https:\\\/\\\/corall.com.tr\\\/wp-content\\\/uploads\\\/2022\\\/06\\\/Corall-Apple.jpg\",\"contentUrl\":\"https:\\\/\\\/corall.com.tr\\\/wp-content\\\/uploads\\\/2022\\\/06\\\/Corall-Apple.jpg\",\"width\":1118,\"height\":1320},{\"@type\":\"BreadcrumbList\",\"@id\":\"https:\\\/\\\/corall.com.tr\\\/en\\\/series\\\/bewell\\\/apple\\\/#breadcrumb\",\"itemListElement\":[{\"@type\":\"ListItem\",\"position\":1,\"name\":\"Anasayfa\",\"item\":\"https:\\\/\\\/corall.com.tr\\\/\"},{\"@type\":\"ListItem\",\"position\":2,\"name\":\"Shop\",\"item\":\"https:\\\/\\\/corall.com.tr\\\/en\\\/shop\\\/\"},{\"@type\":\"ListItem\",\"position\":3,\"name\":\"Corall Apple\"}]},{\"@type\":\"WebSite\",\"@id\":\"https:\\\/\\\/corall.com.tr\\\/#website\",\"url\":\"https:\\\/\\\/corall.com.tr\\\/\",\"name\":\"CORALL\",\"description\":\"\u00d6nce Do\u011fal, Sonra Corall\",\"publisher\":{\"@id\":\"https:\\\/\\\/corall.com.tr\\\/#organization\"},\"potentialAction\":[{\"@type\":\"SearchAction\",\"target\":{\"@type\":\"EntryPoint\",\"urlTemplate\":\"https:\\\/\\\/corall.com.tr\\\/?s={search_term_string}\"},\"query-input\":{\"@type\":\"PropertyValueSpecification\",\"valueRequired\":true,\"valueName\":\"search_term_string\"}}],\"inLanguage\":\"en-US\"},{\"@type\":\"Organization\",\"@id\":\"https:\\\/\\\/corall.com.tr\\\/#organization\",\"name\":\"Corall\",\"url\":\"https:\\\/\\\/corall.com.tr\\\/\",\"logo\":{\"@type\":\"ImageObject\",\"inLanguage\":\"en-US\",\"@id\":\"https:\\\/\\\/corall.com.tr\\\/#\\\/schema\\\/logo\\\/image\\\/\",\"url\":\"https:\\\/\\\/corall.com.tr\\\/wp-content\\\/uploads\\\/2022\\\/04\\\/Corall-web-logo.png\",\"contentUrl\":\"https:\\\/\\\/corall.com.tr\\\/wp-content\\\/uploads\\\/2022\\\/04\\\/Corall-web-logo.png\",\"width\":403,\"height\":112,\"caption\":\"Corall\"},\"image\":{\"@id\":\"https:\\\/\\\/corall.com.tr\\\/#\\\/schema\\\/logo\\\/image\\\/\"},\"sameAs\":[\"https:\\\/\\\/www.facebook.com\\\/corallofficial\",\"https:\\\/\\\/x.com\\\/corallofficial\",\"https:\\\/\\\/www.instagram.com\\\/corallofficial\",\"https:\\\/\\\/www.youtube.com\\\/\"]}]}<\/script>\n<!-- \/ Yoast SEO plugin. -->","yoast_head_json":{"title":"Corall Apple | CORALL","description":"Kilonuzu kontrol etmenize ve y\u00f6netmenize yard\u0131mc\u0131 olacak Corall Apple'\u0131 corall.com.tr'den hemen sipari\u015f verebilirsiniz. \u00d6nce Do\u011fal, Sonra Corall.","robots":{"index":"index","follow":"follow","max-snippet":"max-snippet:-1","max-image-preview":"max-image-preview:large","max-video-preview":"max-video-preview:-1"},"canonical":"https:\/\/corall.com.tr\/en\/series\/bewell\/apple\/","og_locale":"en_US","og_type":"article","og_title":"Corall Apple | CORALL","og_description":"Kilonuzu kontrol etmenize ve y\u00f6netmenize yard\u0131mc\u0131 olacak Corall Apple'\u0131 corall.com.tr'den hemen sipari\u015f verebilirsiniz. \u00d6nce Do\u011fal, Sonra Corall.","og_url":"https:\/\/corall.com.tr\/en\/series\/bewell\/apple\/","og_site_name":"CORALL","article_publisher":"https:\/\/www.facebook.com\/corallofficial","article_modified_time":"2023-03-28T18:23:50+00:00","og_image":[{"width":1118,"height":1320,"url":"https:\/\/corall.com.tr\/wp-content\/uploads\/2022\/06\/Corall-Apple.jpg","type":"image\/jpeg"}],"twitter_card":"summary_large_image","twitter_site":"@corallofficial","twitter_misc":{"Est. reading time":"1 minute"},"schema":{"@context":"https:\/\/schema.org","@graph":[{"@type":"WebPage","@id":"https:\/\/corall.com.tr\/en\/series\/bewell\/apple\/","url":"https:\/\/corall.com.tr\/en\/series\/bewell\/apple\/","name":"Corall Apple | CORALL","isPartOf":{"@id":"https:\/\/corall.com.tr\/#website"},"primaryImageOfPage":{"@id":"https:\/\/corall.com.tr\/en\/series\/bewell\/apple\/#primaryimage"},"image":{"@id":"https:\/\/corall.com.tr\/en\/series\/bewell\/apple\/#primaryimage"},"thumbnailUrl":"https:\/\/corall.com.tr\/wp-content\/uploads\/2022\/06\/Corall-Apple.jpg","datePublished":"2018-05-10T08:48:14+00:00","dateModified":"2023-03-28T18:23:50+00:00","description":"Kilonuzu kontrol etmenize ve y\u00f6netmenize yard\u0131mc\u0131 olacak Corall Apple'\u0131 corall.com.tr'den hemen sipari\u015f verebilirsiniz. \u00d6nce Do\u011fal, Sonra Corall.","breadcrumb":{"@id":"https:\/\/corall.com.tr\/en\/series\/bewell\/apple\/#breadcrumb"},"inLanguage":"en-US","potentialAction":[{"@type":"ReadAction","target":["https:\/\/corall.com.tr\/en\/series\/bewell\/apple\/"]}]},{"@type":"ImageObject","inLanguage":"en-US","@id":"https:\/\/corall.com.tr\/en\/series\/bewell\/apple\/#primaryimage","url":"https:\/\/corall.com.tr\/wp-content\/uploads\/2022\/06\/Corall-Apple.jpg","contentUrl":"https:\/\/corall.com.tr\/wp-content\/uploads\/2022\/06\/Corall-Apple.jpg","width":1118,"height":1320},{"@type":"BreadcrumbList","@id":"https:\/\/corall.com.tr\/en\/series\/bewell\/apple\/#breadcrumb","itemListElement":[{"@type":"ListItem","position":1,"name":"Anasayfa","item":"https:\/\/corall.com.tr\/"},{"@type":"ListItem","position":2,"name":"Shop","item":"https:\/\/corall.com.tr\/en\/shop\/"},{"@type":"ListItem","position":3,"name":"Corall Apple"}]},{"@type":"WebSite","@id":"https:\/\/corall.com.tr\/#website","url":"https:\/\/corall.com.tr\/","name":"CORALL","description":"\u00d6nce Do\u011fal, Sonra Corall","publisher":{"@id":"https:\/\/corall.com.tr\/#organization"},"potentialAction":[{"@type":"SearchAction","target":{"@type":"EntryPoint","urlTemplate":"https:\/\/corall.com.tr\/?s={search_term_string}"},"query-input":{"@type":"PropertyValueSpecification","valueRequired":true,"valueName":"search_term_string"}}],"inLanguage":"en-US"},{"@type":"Organization","@id":"https:\/\/corall.com.tr\/#organization","name":"Corall","url":"https:\/\/corall.com.tr\/","logo":{"@type":"ImageObject","inLanguage":"en-US","@id":"https:\/\/corall.com.tr\/#\/schema\/logo\/image\/","url":"https:\/\/corall.com.tr\/wp-content\/uploads\/2022\/04\/Corall-web-logo.png","contentUrl":"https:\/\/corall.com.tr\/wp-content\/uploads\/2022\/04\/Corall-web-logo.png","width":403,"height":112,"caption":"Corall"},"image":{"@id":"https:\/\/corall.com.tr\/#\/schema\/logo\/image\/"},"sameAs":["https:\/\/www.facebook.com\/corallofficial","https:\/\/x.com\/corallofficial","https:\/\/www.instagram.com\/corallofficial","https:\/\/www.youtube.com\/"]}]}},"_links":{"self":[{"href":"https:\/\/corall.com.tr\/en\/wp-json\/wp\/v2\/product\/9167","targetHints":{"allow":["GET"]}}],"collection":[{"href":"https:\/\/corall.com.tr\/en\/wp-json\/wp\/v2\/product"}],"about":[{"href":"https:\/\/corall.com.tr\/en\/wp-json\/wp\/v2\/types\/product"}],"replies":[{"embeddable":true,"href":"https:\/\/corall.com.tr\/en\/wp-json\/wp\/v2\/comments?post=9167"}],"wp:featuredmedia":[{"embeddable":true,"href":"https:\/\/corall.com.tr\/en\/wp-json\/wp\/v2\/media\/9106"}],"wp:attachment":[{"href":"https:\/\/corall.com.tr\/en\/wp-json\/wp\/v2\/media?parent=9167"}],"wp:term":[{"taxonomy":"product_brand","embeddable":true,"href":"https:\/\/corall.com.tr\/en\/wp-json\/wp\/v2\/product_brand?post=9167"},{"taxonomy":"product_cat","embeddable":true,"href":"https:\/\/corall.com.tr\/en\/wp-json\/wp\/v2\/product_cat?post=9167"},{"taxonomy":"product_tag","embeddable":true,"href":"https:\/\/corall.com.tr\/en\/wp-json\/wp\/v2\/product_tag?post=9167"}],"curies":[{"name":"wp","href":"https:\/\/api.w.org\/{rel}","templated":true}]}}