{"id":9171,"date":"2022-06-04T15:13:35","date_gmt":"2022-06-04T12:13:35","guid":{"rendered":"https:\/\/corall.com.tr\/series\/uncategorized\/biotin\/"},"modified":"2023-03-28T23:45:28","modified_gmt":"2023-03-28T20:45:28","slug":"biotin","status":"publish","type":"product","link":"https:\/\/corall.com.tr\/en\/series\/bewell\/biotin\/","title":{"rendered":"Corall Biotin"},"content":{"rendered":"<p>[vc_row][vc_column width=&#8221;1\/2&#8243;][vc_column_text]<\/p>\n<h2><strong><u>Minerals &amp; Botanicals<\/u><\/strong><\/h2>\n<p><strong>Hydrolyzed Keratin<\/strong><br \/>\nIt is the building block of our hair and nails. This substance gives our hair a shiny look and makes our nails healthy.<\/p>\n<p>&nbsp;<\/p>\n<p><strong>Horsetail Extract<\/strong><br \/>\nIt supports hair, skin, and nail health thanks to its silica content. It promotes connective tissue generation and calcium absorption.<\/p>\n<p>&nbsp;<\/p>\n<p><strong>L-arginine<\/strong><br \/>\nIt supports healthy blood flow and increases the oxygen content of our cells.<\/p>\n<p>&nbsp;<\/p>\n<p><strong>Niacin (Vitamin B3)<\/strong><br \/>\nIt promotes blood flow and lowers cholesterol levels.<\/p>\n<p>&nbsp;<\/p>\n<p><strong>Pantothenic Acid (Vitamin B5)<\/strong><br \/>\nIt helps with cell and tissue maintenance and repair.<\/p>\n<p>&nbsp;<\/p>\n<p><strong>Pyridoxine (Vitamin B6)<\/strong><br \/>\nIt plays an active role in maintaining a healthy nervous system and supports healthy hair growth.[\/vc_column_text][\/vc_column][vc_column width=&#8221;1\/2&#8243;][vc_column_text]<\/p>\n<h2><strong><u>Clinical Studies<\/u><\/strong><\/h2>\n<p>Biotin: biochemical, physiological and clinical aspects<br \/>\n<a href=\"https:\/\/pubmed.ncbi.nlm.nih.gov\/22116691\/\">https:\/\/pubmed.ncbi.nlm.nih.gov\/22116691\/<\/a><\/p>\n<p>&nbsp;<\/p>\n<p>Biotin for the treatment of nail disease<br \/>\n<a href=\"https:\/\/pubmed.ncbi.nlm.nih.gov\/29057689\/\">https:\/\/pubmed.ncbi.nlm.nih.gov\/29057689\/<\/a><\/p>\n<p>&nbsp;<\/p>\n<p>Biotin synthase mechanism<br \/>\n<a href=\"https:\/\/pubmed.ncbi.nlm.nih.gov\/16042606\/\">https:\/\/pubmed.ncbi.nlm.nih.gov\/16042606\/<\/a><\/p>\n<p>&nbsp;<\/p>\n<p>Structural investigation on damaged hair keratin treated with \u03b1,\u03b2-unsaturated Michael acceptors used as repairing agents<br \/>\n<a href=\"https:\/\/pubmed.ncbi.nlm.nih.gov\/33279560\/\">https:\/\/pubmed.ncbi.nlm.nih.gov\/33279560\/<\/a><\/p>\n<p>[\/vc_column_text][\/vc_column][\/vc_row]<\/p>\n","protected":false},"excerpt":{"rendered":"<h2><strong>Smarter Formulas,<br \/>\n<\/strong><strong>Stronger Hair and Nails, and<br \/>\n<\/strong><strong>Shinier Skin<\/strong><\/h2>\n<p>People who want to strengthen their hair<br \/>\nPeople who want to prevent their nails from getting crusty and breaking<br \/>\nPeople who complain of dry skin<\/p>\n<p><strong>Contents:<\/strong> 60 Capsules<\/p>\n<p><strong>Recommended Use:<\/strong>\u00a0 One capsule a day is recommended. This nutritional supplement is suitable for ages 18 and above.<\/p>\n<p>&nbsp;<\/p>\n<h2><strong><u>BENEFITS<\/u><\/strong><\/h2>\n<p><strong>BIOTIN FIXES<br \/>\n<\/strong>Promotes tissue growth and regeneration.<\/p>\n<p><strong>THOSE WHO USE ANTIBIOTICS FOR A LONG TIME!<br \/>\n<\/strong>People with extended antibiotic use have a biotin deficiency.<\/p>\n<p><strong>REGULAR BIOTIN INTAKE<br \/>\n<\/strong>It is a water-soluble vitamin that the body needs consistently.<\/p>\n","protected":false},"featured_media":9107,"comment_status":"closed","ping_status":"closed","template":"","meta":[],"product_brand":[],"product_cat":[108],"product_tag":[],"class_list":{"0":"post-9171","1":"product","2":"type-product","3":"status-publish","4":"has-post-thumbnail","6":"product_cat-bewell","8":"first","9":"outofstock","10":"sale","11":"featured","12":"taxable","13":"shipping-taxable","14":"purchasable","15":"product-type-simple"},"yoast_head":"<!-- This site is optimized with the Yoast SEO plugin v27.5 - https:\/\/yoast.com\/product\/yoast-seo-wordpress\/ -->\n<title>Corall Biotin | CORALL<\/title>\n<meta name=\"description\" content=\"Doku olu\u015fumunu ve yenilenmesini destekleyen Corall Biotin&#039;i corall.com.tr&#039;den hemen sipari\u015f verebilirsiniz. \u00d6nce Do\u011fal, Sonra Corall.\" \/>\n<meta name=\"robots\" content=\"index, follow, max-snippet:-1, max-image-preview:large, max-video-preview:-1\" \/>\n<link rel=\"canonical\" href=\"https:\/\/corall.com.tr\/en\/series\/bewell\/biotin\/\" \/>\n<meta property=\"og:locale\" content=\"en_US\" \/>\n<meta property=\"og:type\" content=\"article\" \/>\n<meta property=\"og:title\" content=\"Corall Biotin | CORALL\" \/>\n<meta property=\"og:description\" content=\"Doku olu\u015fumunu ve yenilenmesini destekleyen Corall Biotin&#039;i corall.com.tr&#039;den hemen sipari\u015f verebilirsiniz. \u00d6nce Do\u011fal, Sonra Corall.\" \/>\n<meta property=\"og:url\" content=\"https:\/\/corall.com.tr\/en\/series\/bewell\/biotin\/\" \/>\n<meta property=\"og:site_name\" content=\"CORALL\" \/>\n<meta property=\"article:publisher\" content=\"https:\/\/www.facebook.com\/corallofficial\" \/>\n<meta property=\"article:modified_time\" content=\"2023-03-28T20:45:28+00:00\" \/>\n<meta property=\"og:image\" content=\"https:\/\/corall.com.tr\/wp-content\/uploads\/2022\/06\/Corall-Biotin.jpg\" \/>\n\t<meta property=\"og:image:width\" content=\"1118\" \/>\n\t<meta property=\"og:image:height\" content=\"1320\" \/>\n\t<meta property=\"og:image:type\" content=\"image\/jpeg\" \/>\n<meta name=\"twitter:card\" content=\"summary_large_image\" \/>\n<meta name=\"twitter:site\" content=\"@corallofficial\" \/>\n<meta name=\"twitter:label1\" content=\"Est. reading time\" \/>\n\t<meta name=\"twitter:data1\" content=\"1 minute\" \/>\n<script type=\"application\/ld+json\" class=\"yoast-schema-graph\">{\"@context\":\"https:\\\/\\\/schema.org\",\"@graph\":[{\"@type\":\"WebPage\",\"@id\":\"https:\\\/\\\/corall.com.tr\\\/en\\\/series\\\/bewell\\\/biotin\\\/\",\"url\":\"https:\\\/\\\/corall.com.tr\\\/en\\\/series\\\/bewell\\\/biotin\\\/\",\"name\":\"Corall Biotin | CORALL\",\"isPartOf\":{\"@id\":\"https:\\\/\\\/corall.com.tr\\\/#website\"},\"primaryImageOfPage\":{\"@id\":\"https:\\\/\\\/corall.com.tr\\\/en\\\/series\\\/bewell\\\/biotin\\\/#primaryimage\"},\"image\":{\"@id\":\"https:\\\/\\\/corall.com.tr\\\/en\\\/series\\\/bewell\\\/biotin\\\/#primaryimage\"},\"thumbnailUrl\":\"https:\\\/\\\/corall.com.tr\\\/wp-content\\\/uploads\\\/2022\\\/06\\\/Corall-Biotin.jpg\",\"datePublished\":\"2022-06-04T12:13:35+00:00\",\"dateModified\":\"2023-03-28T20:45:28+00:00\",\"description\":\"Doku olu\u015fumunu ve yenilenmesini destekleyen Corall Biotin'i corall.com.tr'den hemen sipari\u015f verebilirsiniz. \u00d6nce Do\u011fal, Sonra Corall.\",\"breadcrumb\":{\"@id\":\"https:\\\/\\\/corall.com.tr\\\/en\\\/series\\\/bewell\\\/biotin\\\/#breadcrumb\"},\"inLanguage\":\"en-US\",\"potentialAction\":[{\"@type\":\"ReadAction\",\"target\":[\"https:\\\/\\\/corall.com.tr\\\/en\\\/series\\\/bewell\\\/biotin\\\/\"]}]},{\"@type\":\"ImageObject\",\"inLanguage\":\"en-US\",\"@id\":\"https:\\\/\\\/corall.com.tr\\\/en\\\/series\\\/bewell\\\/biotin\\\/#primaryimage\",\"url\":\"https:\\\/\\\/corall.com.tr\\\/wp-content\\\/uploads\\\/2022\\\/06\\\/Corall-Biotin.jpg\",\"contentUrl\":\"https:\\\/\\\/corall.com.tr\\\/wp-content\\\/uploads\\\/2022\\\/06\\\/Corall-Biotin.jpg\",\"width\":1118,\"height\":1320},{\"@type\":\"BreadcrumbList\",\"@id\":\"https:\\\/\\\/corall.com.tr\\\/en\\\/series\\\/bewell\\\/biotin\\\/#breadcrumb\",\"itemListElement\":[{\"@type\":\"ListItem\",\"position\":1,\"name\":\"Anasayfa\",\"item\":\"https:\\\/\\\/corall.com.tr\\\/\"},{\"@type\":\"ListItem\",\"position\":2,\"name\":\"Shop\",\"item\":\"https:\\\/\\\/corall.com.tr\\\/en\\\/shop\\\/\"},{\"@type\":\"ListItem\",\"position\":3,\"name\":\"Corall Biotin\"}]},{\"@type\":\"WebSite\",\"@id\":\"https:\\\/\\\/corall.com.tr\\\/#website\",\"url\":\"https:\\\/\\\/corall.com.tr\\\/\",\"name\":\"CORALL\",\"description\":\"\u00d6nce Do\u011fal, Sonra Corall\",\"publisher\":{\"@id\":\"https:\\\/\\\/corall.com.tr\\\/#organization\"},\"potentialAction\":[{\"@type\":\"SearchAction\",\"target\":{\"@type\":\"EntryPoint\",\"urlTemplate\":\"https:\\\/\\\/corall.com.tr\\\/?s={search_term_string}\"},\"query-input\":{\"@type\":\"PropertyValueSpecification\",\"valueRequired\":true,\"valueName\":\"search_term_string\"}}],\"inLanguage\":\"en-US\"},{\"@type\":\"Organization\",\"@id\":\"https:\\\/\\\/corall.com.tr\\\/#organization\",\"name\":\"Corall\",\"url\":\"https:\\\/\\\/corall.com.tr\\\/\",\"logo\":{\"@type\":\"ImageObject\",\"inLanguage\":\"en-US\",\"@id\":\"https:\\\/\\\/corall.com.tr\\\/#\\\/schema\\\/logo\\\/image\\\/\",\"url\":\"https:\\\/\\\/corall.com.tr\\\/wp-content\\\/uploads\\\/2022\\\/04\\\/Corall-web-logo.png\",\"contentUrl\":\"https:\\\/\\\/corall.com.tr\\\/wp-content\\\/uploads\\\/2022\\\/04\\\/Corall-web-logo.png\",\"width\":403,\"height\":112,\"caption\":\"Corall\"},\"image\":{\"@id\":\"https:\\\/\\\/corall.com.tr\\\/#\\\/schema\\\/logo\\\/image\\\/\"},\"sameAs\":[\"https:\\\/\\\/www.facebook.com\\\/corallofficial\",\"https:\\\/\\\/x.com\\\/corallofficial\",\"https:\\\/\\\/www.instagram.com\\\/corallofficial\",\"https:\\\/\\\/www.youtube.com\\\/\"]}]}<\/script>\n<!-- \/ Yoast SEO plugin. -->","yoast_head_json":{"title":"Corall Biotin | CORALL","description":"Doku olu\u015fumunu ve yenilenmesini destekleyen Corall Biotin'i corall.com.tr'den hemen sipari\u015f verebilirsiniz. \u00d6nce Do\u011fal, Sonra Corall.","robots":{"index":"index","follow":"follow","max-snippet":"max-snippet:-1","max-image-preview":"max-image-preview:large","max-video-preview":"max-video-preview:-1"},"canonical":"https:\/\/corall.com.tr\/en\/series\/bewell\/biotin\/","og_locale":"en_US","og_type":"article","og_title":"Corall Biotin | CORALL","og_description":"Doku olu\u015fumunu ve yenilenmesini destekleyen Corall Biotin'i corall.com.tr'den hemen sipari\u015f verebilirsiniz. \u00d6nce Do\u011fal, Sonra Corall.","og_url":"https:\/\/corall.com.tr\/en\/series\/bewell\/biotin\/","og_site_name":"CORALL","article_publisher":"https:\/\/www.facebook.com\/corallofficial","article_modified_time":"2023-03-28T20:45:28+00:00","og_image":[{"width":1118,"height":1320,"url":"https:\/\/corall.com.tr\/wp-content\/uploads\/2022\/06\/Corall-Biotin.jpg","type":"image\/jpeg"}],"twitter_card":"summary_large_image","twitter_site":"@corallofficial","twitter_misc":{"Est. reading time":"1 minute"},"schema":{"@context":"https:\/\/schema.org","@graph":[{"@type":"WebPage","@id":"https:\/\/corall.com.tr\/en\/series\/bewell\/biotin\/","url":"https:\/\/corall.com.tr\/en\/series\/bewell\/biotin\/","name":"Corall Biotin | CORALL","isPartOf":{"@id":"https:\/\/corall.com.tr\/#website"},"primaryImageOfPage":{"@id":"https:\/\/corall.com.tr\/en\/series\/bewell\/biotin\/#primaryimage"},"image":{"@id":"https:\/\/corall.com.tr\/en\/series\/bewell\/biotin\/#primaryimage"},"thumbnailUrl":"https:\/\/corall.com.tr\/wp-content\/uploads\/2022\/06\/Corall-Biotin.jpg","datePublished":"2022-06-04T12:13:35+00:00","dateModified":"2023-03-28T20:45:28+00:00","description":"Doku olu\u015fumunu ve yenilenmesini destekleyen Corall Biotin'i corall.com.tr'den hemen sipari\u015f verebilirsiniz. \u00d6nce Do\u011fal, Sonra Corall.","breadcrumb":{"@id":"https:\/\/corall.com.tr\/en\/series\/bewell\/biotin\/#breadcrumb"},"inLanguage":"en-US","potentialAction":[{"@type":"ReadAction","target":["https:\/\/corall.com.tr\/en\/series\/bewell\/biotin\/"]}]},{"@type":"ImageObject","inLanguage":"en-US","@id":"https:\/\/corall.com.tr\/en\/series\/bewell\/biotin\/#primaryimage","url":"https:\/\/corall.com.tr\/wp-content\/uploads\/2022\/06\/Corall-Biotin.jpg","contentUrl":"https:\/\/corall.com.tr\/wp-content\/uploads\/2022\/06\/Corall-Biotin.jpg","width":1118,"height":1320},{"@type":"BreadcrumbList","@id":"https:\/\/corall.com.tr\/en\/series\/bewell\/biotin\/#breadcrumb","itemListElement":[{"@type":"ListItem","position":1,"name":"Anasayfa","item":"https:\/\/corall.com.tr\/"},{"@type":"ListItem","position":2,"name":"Shop","item":"https:\/\/corall.com.tr\/en\/shop\/"},{"@type":"ListItem","position":3,"name":"Corall Biotin"}]},{"@type":"WebSite","@id":"https:\/\/corall.com.tr\/#website","url":"https:\/\/corall.com.tr\/","name":"CORALL","description":"\u00d6nce Do\u011fal, Sonra Corall","publisher":{"@id":"https:\/\/corall.com.tr\/#organization"},"potentialAction":[{"@type":"SearchAction","target":{"@type":"EntryPoint","urlTemplate":"https:\/\/corall.com.tr\/?s={search_term_string}"},"query-input":{"@type":"PropertyValueSpecification","valueRequired":true,"valueName":"search_term_string"}}],"inLanguage":"en-US"},{"@type":"Organization","@id":"https:\/\/corall.com.tr\/#organization","name":"Corall","url":"https:\/\/corall.com.tr\/","logo":{"@type":"ImageObject","inLanguage":"en-US","@id":"https:\/\/corall.com.tr\/#\/schema\/logo\/image\/","url":"https:\/\/corall.com.tr\/wp-content\/uploads\/2022\/04\/Corall-web-logo.png","contentUrl":"https:\/\/corall.com.tr\/wp-content\/uploads\/2022\/04\/Corall-web-logo.png","width":403,"height":112,"caption":"Corall"},"image":{"@id":"https:\/\/corall.com.tr\/#\/schema\/logo\/image\/"},"sameAs":["https:\/\/www.facebook.com\/corallofficial","https:\/\/x.com\/corallofficial","https:\/\/www.instagram.com\/corallofficial","https:\/\/www.youtube.com\/"]}]}},"_links":{"self":[{"href":"https:\/\/corall.com.tr\/en\/wp-json\/wp\/v2\/product\/9171","targetHints":{"allow":["GET"]}}],"collection":[{"href":"https:\/\/corall.com.tr\/en\/wp-json\/wp\/v2\/product"}],"about":[{"href":"https:\/\/corall.com.tr\/en\/wp-json\/wp\/v2\/types\/product"}],"replies":[{"embeddable":true,"href":"https:\/\/corall.com.tr\/en\/wp-json\/wp\/v2\/comments?post=9171"}],"wp:featuredmedia":[{"embeddable":true,"href":"https:\/\/corall.com.tr\/en\/wp-json\/wp\/v2\/media\/9107"}],"wp:attachment":[{"href":"https:\/\/corall.com.tr\/en\/wp-json\/wp\/v2\/media?parent=9171"}],"wp:term":[{"taxonomy":"product_brand","embeddable":true,"href":"https:\/\/corall.com.tr\/en\/wp-json\/wp\/v2\/product_brand?post=9171"},{"taxonomy":"product_cat","embeddable":true,"href":"https:\/\/corall.com.tr\/en\/wp-json\/wp\/v2\/product_cat?post=9171"},{"taxonomy":"product_tag","embeddable":true,"href":"https:\/\/corall.com.tr\/en\/wp-json\/wp\/v2\/product_tag?post=9171"}],"curies":[{"name":"wp","href":"https:\/\/api.w.org\/{rel}","templated":true}]}}