{"id":9182,"date":"2022-06-10T13:59:37","date_gmt":"2022-06-10T10:59:37","guid":{"rendered":"https:\/\/corall.com.tr\/series\/uncategorized\/probioticdaily\/"},"modified":"2023-03-29T00:06:51","modified_gmt":"2023-03-28T21:06:51","slug":"probioticdaily","status":"publish","type":"product","link":"https:\/\/corall.com.tr\/en\/series\/bewell\/probioticdaily\/","title":{"rendered":"Corall Probiotic Daily"},"content":{"rendered":"<p>[vc_row][vc_column width=&#8221;1\/2&#8243;][vc_column_text]<\/p>\n<h2><strong><u>Minerals &amp; Botanicals<\/u><\/strong><\/h2>\n<p><strong>Lactobacillus Acidophilus<\/strong><br \/>\nIt is the most researched and proven probiotic known to scientists. It plays a vital role in the digestive system.<\/p>\n<p>&nbsp;<\/p>\n<p><strong>Lactobacillus Rhamnosus<\/strong><br \/>\nIt is an excellent probiotic for the gastrointestinal system. It boosts the immune system and can alleviate allergies and asthma. It also promotes weight loss.<\/p>\n<p>&nbsp;<\/p>\n<p><strong>Lactobacillus Reuteri<\/strong><br \/>\nIt protects microbiota by fighting invasive bacteria, and it is known to produce antibiotic compounds.<\/p>\n<p>&nbsp;<\/p>\n<p><strong>Inulin<\/strong><br \/>\nIt is a dietary fiber used by plants to store energy. Inulin is a valuable energy resource for probiotics.[\/vc_column_text][\/vc_column][vc_column width=&#8221;1\/2&#8243;][vc_column_text]<\/p>\n<h2><strong><u>Clinical Studies<\/u><\/strong><\/h2>\n<p>Dietary Supplementation of Probiotic\u00a0Lactobacillus acidophilus\u00a0Modulates Cholesterol Levels<br \/>\n<a href=\"https:\/\/pubmed.ncbi.nlm.nih.gov\/32899938\/\">https:\/\/pubmed.ncbi.nlm.nih.gov\/32899938\/<\/a><\/p>\n<p>&nbsp;<\/p>\n<p>Cholesterol-lowering effect of Lactobacillus rhamnosus BFE5264 and its influence on the gut microbiome<br \/>\n<a href=\"https:\/\/pubmed.ncbi.nlm.nih.gov\/30153290\/\">https:\/\/pubmed.ncbi.nlm.nih.gov\/30153290\/<\/a><\/p>\n<p>&nbsp;<\/p>\n<p>Lactobacillus Reuteri DSM 17938\u00a0(Limosilactobacillus reuteri)\u00a0in Diarrhea<br \/>\n<a href=\"https:\/\/pubmed.ncbi.nlm.nih.gov\/34201542\/\">https:\/\/pubmed.ncbi.nlm.nih.gov\/34201542\/<\/a><\/p>\n<p>&nbsp;<\/p>\n<p>Probiotics, prebiotics, and synbiotics<br \/>\n<a href=\"https:\/\/pubmed.ncbi.nlm.nih.gov\/18461293\/\">https:\/\/pubmed.ncbi.nlm.nih.gov\/18461293\/<\/a><\/p>\n<p>&nbsp;<\/p>\n<p>The Anti-\u00a0Helicobacter pylori\u00a0Effects\u00a0of Lactobacillus acidophilus, L. plantarum, and\u00a0L. rhamnosus<br \/>\n<a href=\"https:\/\/pubmed.ncbi.nlm.nih.gov\/32356850\/\">https:\/\/pubmed.ncbi.nlm.nih.gov\/32356850\/<\/a>[\/vc_column_text][\/vc_column][\/vc_row]<\/p>\n","protected":false},"excerpt":{"rendered":"<h2><strong>Hail Our Second Brain!<br \/>\n<\/strong><\/h2>\n<p>People who want a healthy digestive system and<br \/>\nPeople with weak immune systems<\/p>\n<p><strong>Contents:<\/strong> 30 Capsules<\/p>\n<p><strong>Recommended Use:<\/strong>\u00a0 One enteric capsule once or twice a day is recommended. This nutritional supplement is suitable for ages 11 and above.<\/p>\n<p>&nbsp;<\/p>\n<h2><strong><u>BENEFITS<\/u><\/strong><\/h2>\n<p><strong>SUPPORTS THE OVERALL IMMUNE SYSTEM<br \/>\n<\/strong>All Lactobacillus probiotics boost the immune system.<\/p>\n<p><strong>HELPS WITH WEIGHT AND DIABETES MANAGEMENT<br \/>\n<\/strong>Lactobacillus Rhamnosus\u2019s positive effects are clinically proven.<\/p>\n<p><strong>IMPROVED BLOOD PRESSURE AND CHOLESTEROL<br \/>\n<\/strong>Lactobacillus Rhamnosus at duty in the intestinal flora.<\/p>\n<p><strong>DENTAL HEALTH<br \/>\n<\/strong>Lactobacillus Reuteri is known to kill Streptococcus mutans, which causes dental caries.<\/p>\n<p><strong>EFFECTIVE AGAINST INFECTIONS<br \/>\n<\/strong>Lactobacillus Reuteri in action!<\/p>\n","protected":false},"featured_media":9100,"comment_status":"closed","ping_status":"closed","template":"","meta":[],"product_brand":[],"product_cat":[108],"product_tag":[],"class_list":{"0":"post-9182","1":"product","2":"type-product","3":"status-publish","4":"has-post-thumbnail","6":"product_cat-bewell","8":"first","9":"outofstock","10":"sale","11":"featured","12":"taxable","13":"shipping-taxable","14":"purchasable","15":"product-type-simple"},"yoast_head":"<!-- This site is optimized with the Yoast SEO plugin v27.5 - https:\/\/yoast.com\/product\/yoast-seo-wordpress\/ -->\n<title>Corall Probiotic Daily | CORALL<\/title>\n<meta name=\"description\" content=\"Sindirim sisteminizi g\u00fc\u00e7lendirmenize yard\u0131mc\u0131 olacak Corall Probiotic Daily&#039;i corall.com.tr&#039;den hemen sipari\u015f verebilirsiniz. \u00d6nce Do\u011fal, Sonra Corall.\" \/>\n<meta name=\"robots\" content=\"index, follow, max-snippet:-1, max-image-preview:large, max-video-preview:-1\" \/>\n<link rel=\"canonical\" href=\"https:\/\/corall.com.tr\/en\/series\/bewell\/probioticdaily\/\" \/>\n<meta property=\"og:locale\" content=\"en_US\" \/>\n<meta property=\"og:type\" content=\"article\" \/>\n<meta property=\"og:title\" content=\"Corall Probiotic Daily | CORALL\" \/>\n<meta property=\"og:description\" content=\"Sindirim sisteminizi g\u00fc\u00e7lendirmenize yard\u0131mc\u0131 olacak Corall Probiotic Daily&#039;i corall.com.tr&#039;den hemen sipari\u015f verebilirsiniz. \u00d6nce Do\u011fal, Sonra Corall.\" \/>\n<meta property=\"og:url\" content=\"https:\/\/corall.com.tr\/en\/series\/bewell\/probioticdaily\/\" \/>\n<meta property=\"og:site_name\" content=\"CORALL\" \/>\n<meta property=\"article:publisher\" content=\"https:\/\/www.facebook.com\/corallofficial\" \/>\n<meta property=\"article:modified_time\" content=\"2023-03-28T21:06:51+00:00\" \/>\n<meta property=\"og:image\" content=\"https:\/\/corall.com.tr\/wp-content\/uploads\/2022\/06\/3.jpg\" \/>\n\t<meta property=\"og:image:width\" content=\"1118\" \/>\n\t<meta property=\"og:image:height\" content=\"1320\" \/>\n\t<meta property=\"og:image:type\" content=\"image\/jpeg\" \/>\n<meta name=\"twitter:card\" content=\"summary_large_image\" \/>\n<meta name=\"twitter:site\" content=\"@corallofficial\" \/>\n<meta name=\"twitter:label1\" content=\"Est. reading time\" \/>\n\t<meta name=\"twitter:data1\" content=\"1 minute\" \/>\n<script type=\"application\/ld+json\" class=\"yoast-schema-graph\">{\"@context\":\"https:\\\/\\\/schema.org\",\"@graph\":[{\"@type\":\"WebPage\",\"@id\":\"https:\\\/\\\/corall.com.tr\\\/en\\\/series\\\/bewell\\\/probioticdaily\\\/\",\"url\":\"https:\\\/\\\/corall.com.tr\\\/en\\\/series\\\/bewell\\\/probioticdaily\\\/\",\"name\":\"Corall Probiotic Daily | CORALL\",\"isPartOf\":{\"@id\":\"https:\\\/\\\/corall.com.tr\\\/#website\"},\"primaryImageOfPage\":{\"@id\":\"https:\\\/\\\/corall.com.tr\\\/en\\\/series\\\/bewell\\\/probioticdaily\\\/#primaryimage\"},\"image\":{\"@id\":\"https:\\\/\\\/corall.com.tr\\\/en\\\/series\\\/bewell\\\/probioticdaily\\\/#primaryimage\"},\"thumbnailUrl\":\"https:\\\/\\\/corall.com.tr\\\/wp-content\\\/uploads\\\/2022\\\/06\\\/3.jpg\",\"datePublished\":\"2022-06-10T10:59:37+00:00\",\"dateModified\":\"2023-03-28T21:06:51+00:00\",\"description\":\"Sindirim sisteminizi g\u00fc\u00e7lendirmenize yard\u0131mc\u0131 olacak Corall Probiotic Daily'i corall.com.tr'den hemen sipari\u015f verebilirsiniz. \u00d6nce Do\u011fal, Sonra Corall.\",\"breadcrumb\":{\"@id\":\"https:\\\/\\\/corall.com.tr\\\/en\\\/series\\\/bewell\\\/probioticdaily\\\/#breadcrumb\"},\"inLanguage\":\"en-US\",\"potentialAction\":[{\"@type\":\"ReadAction\",\"target\":[\"https:\\\/\\\/corall.com.tr\\\/en\\\/series\\\/bewell\\\/probioticdaily\\\/\"]}]},{\"@type\":\"ImageObject\",\"inLanguage\":\"en-US\",\"@id\":\"https:\\\/\\\/corall.com.tr\\\/en\\\/series\\\/bewell\\\/probioticdaily\\\/#primaryimage\",\"url\":\"https:\\\/\\\/corall.com.tr\\\/wp-content\\\/uploads\\\/2022\\\/06\\\/3.jpg\",\"contentUrl\":\"https:\\\/\\\/corall.com.tr\\\/wp-content\\\/uploads\\\/2022\\\/06\\\/3.jpg\",\"width\":1118,\"height\":1320},{\"@type\":\"BreadcrumbList\",\"@id\":\"https:\\\/\\\/corall.com.tr\\\/en\\\/series\\\/bewell\\\/probioticdaily\\\/#breadcrumb\",\"itemListElement\":[{\"@type\":\"ListItem\",\"position\":1,\"name\":\"Anasayfa\",\"item\":\"https:\\\/\\\/corall.com.tr\\\/\"},{\"@type\":\"ListItem\",\"position\":2,\"name\":\"Shop\",\"item\":\"https:\\\/\\\/corall.com.tr\\\/en\\\/shop\\\/\"},{\"@type\":\"ListItem\",\"position\":3,\"name\":\"Corall Probiotic Daily\"}]},{\"@type\":\"WebSite\",\"@id\":\"https:\\\/\\\/corall.com.tr\\\/#website\",\"url\":\"https:\\\/\\\/corall.com.tr\\\/\",\"name\":\"CORALL\",\"description\":\"\u00d6nce Do\u011fal, Sonra Corall\",\"publisher\":{\"@id\":\"https:\\\/\\\/corall.com.tr\\\/#organization\"},\"potentialAction\":[{\"@type\":\"SearchAction\",\"target\":{\"@type\":\"EntryPoint\",\"urlTemplate\":\"https:\\\/\\\/corall.com.tr\\\/?s={search_term_string}\"},\"query-input\":{\"@type\":\"PropertyValueSpecification\",\"valueRequired\":true,\"valueName\":\"search_term_string\"}}],\"inLanguage\":\"en-US\"},{\"@type\":\"Organization\",\"@id\":\"https:\\\/\\\/corall.com.tr\\\/#organization\",\"name\":\"Corall\",\"url\":\"https:\\\/\\\/corall.com.tr\\\/\",\"logo\":{\"@type\":\"ImageObject\",\"inLanguage\":\"en-US\",\"@id\":\"https:\\\/\\\/corall.com.tr\\\/#\\\/schema\\\/logo\\\/image\\\/\",\"url\":\"https:\\\/\\\/corall.com.tr\\\/wp-content\\\/uploads\\\/2022\\\/04\\\/Corall-web-logo.png\",\"contentUrl\":\"https:\\\/\\\/corall.com.tr\\\/wp-content\\\/uploads\\\/2022\\\/04\\\/Corall-web-logo.png\",\"width\":403,\"height\":112,\"caption\":\"Corall\"},\"image\":{\"@id\":\"https:\\\/\\\/corall.com.tr\\\/#\\\/schema\\\/logo\\\/image\\\/\"},\"sameAs\":[\"https:\\\/\\\/www.facebook.com\\\/corallofficial\",\"https:\\\/\\\/x.com\\\/corallofficial\",\"https:\\\/\\\/www.instagram.com\\\/corallofficial\",\"https:\\\/\\\/www.youtube.com\\\/\"]}]}<\/script>\n<!-- \/ Yoast SEO plugin. -->","yoast_head_json":{"title":"Corall Probiotic Daily | CORALL","description":"Sindirim sisteminizi g\u00fc\u00e7lendirmenize yard\u0131mc\u0131 olacak Corall Probiotic Daily'i corall.com.tr'den hemen sipari\u015f verebilirsiniz. \u00d6nce Do\u011fal, Sonra Corall.","robots":{"index":"index","follow":"follow","max-snippet":"max-snippet:-1","max-image-preview":"max-image-preview:large","max-video-preview":"max-video-preview:-1"},"canonical":"https:\/\/corall.com.tr\/en\/series\/bewell\/probioticdaily\/","og_locale":"en_US","og_type":"article","og_title":"Corall Probiotic Daily | CORALL","og_description":"Sindirim sisteminizi g\u00fc\u00e7lendirmenize yard\u0131mc\u0131 olacak Corall Probiotic Daily'i corall.com.tr'den hemen sipari\u015f verebilirsiniz. \u00d6nce Do\u011fal, Sonra Corall.","og_url":"https:\/\/corall.com.tr\/en\/series\/bewell\/probioticdaily\/","og_site_name":"CORALL","article_publisher":"https:\/\/www.facebook.com\/corallofficial","article_modified_time":"2023-03-28T21:06:51+00:00","og_image":[{"width":1118,"height":1320,"url":"https:\/\/corall.com.tr\/wp-content\/uploads\/2022\/06\/3.jpg","type":"image\/jpeg"}],"twitter_card":"summary_large_image","twitter_site":"@corallofficial","twitter_misc":{"Est. reading time":"1 minute"},"schema":{"@context":"https:\/\/schema.org","@graph":[{"@type":"WebPage","@id":"https:\/\/corall.com.tr\/en\/series\/bewell\/probioticdaily\/","url":"https:\/\/corall.com.tr\/en\/series\/bewell\/probioticdaily\/","name":"Corall Probiotic Daily | CORALL","isPartOf":{"@id":"https:\/\/corall.com.tr\/#website"},"primaryImageOfPage":{"@id":"https:\/\/corall.com.tr\/en\/series\/bewell\/probioticdaily\/#primaryimage"},"image":{"@id":"https:\/\/corall.com.tr\/en\/series\/bewell\/probioticdaily\/#primaryimage"},"thumbnailUrl":"https:\/\/corall.com.tr\/wp-content\/uploads\/2022\/06\/3.jpg","datePublished":"2022-06-10T10:59:37+00:00","dateModified":"2023-03-28T21:06:51+00:00","description":"Sindirim sisteminizi g\u00fc\u00e7lendirmenize yard\u0131mc\u0131 olacak Corall Probiotic Daily'i corall.com.tr'den hemen sipari\u015f verebilirsiniz. \u00d6nce Do\u011fal, Sonra Corall.","breadcrumb":{"@id":"https:\/\/corall.com.tr\/en\/series\/bewell\/probioticdaily\/#breadcrumb"},"inLanguage":"en-US","potentialAction":[{"@type":"ReadAction","target":["https:\/\/corall.com.tr\/en\/series\/bewell\/probioticdaily\/"]}]},{"@type":"ImageObject","inLanguage":"en-US","@id":"https:\/\/corall.com.tr\/en\/series\/bewell\/probioticdaily\/#primaryimage","url":"https:\/\/corall.com.tr\/wp-content\/uploads\/2022\/06\/3.jpg","contentUrl":"https:\/\/corall.com.tr\/wp-content\/uploads\/2022\/06\/3.jpg","width":1118,"height":1320},{"@type":"BreadcrumbList","@id":"https:\/\/corall.com.tr\/en\/series\/bewell\/probioticdaily\/#breadcrumb","itemListElement":[{"@type":"ListItem","position":1,"name":"Anasayfa","item":"https:\/\/corall.com.tr\/"},{"@type":"ListItem","position":2,"name":"Shop","item":"https:\/\/corall.com.tr\/en\/shop\/"},{"@type":"ListItem","position":3,"name":"Corall Probiotic Daily"}]},{"@type":"WebSite","@id":"https:\/\/corall.com.tr\/#website","url":"https:\/\/corall.com.tr\/","name":"CORALL","description":"\u00d6nce Do\u011fal, Sonra Corall","publisher":{"@id":"https:\/\/corall.com.tr\/#organization"},"potentialAction":[{"@type":"SearchAction","target":{"@type":"EntryPoint","urlTemplate":"https:\/\/corall.com.tr\/?s={search_term_string}"},"query-input":{"@type":"PropertyValueSpecification","valueRequired":true,"valueName":"search_term_string"}}],"inLanguage":"en-US"},{"@type":"Organization","@id":"https:\/\/corall.com.tr\/#organization","name":"Corall","url":"https:\/\/corall.com.tr\/","logo":{"@type":"ImageObject","inLanguage":"en-US","@id":"https:\/\/corall.com.tr\/#\/schema\/logo\/image\/","url":"https:\/\/corall.com.tr\/wp-content\/uploads\/2022\/04\/Corall-web-logo.png","contentUrl":"https:\/\/corall.com.tr\/wp-content\/uploads\/2022\/04\/Corall-web-logo.png","width":403,"height":112,"caption":"Corall"},"image":{"@id":"https:\/\/corall.com.tr\/#\/schema\/logo\/image\/"},"sameAs":["https:\/\/www.facebook.com\/corallofficial","https:\/\/x.com\/corallofficial","https:\/\/www.instagram.com\/corallofficial","https:\/\/www.youtube.com\/"]}]}},"_links":{"self":[{"href":"https:\/\/corall.com.tr\/en\/wp-json\/wp\/v2\/product\/9182","targetHints":{"allow":["GET"]}}],"collection":[{"href":"https:\/\/corall.com.tr\/en\/wp-json\/wp\/v2\/product"}],"about":[{"href":"https:\/\/corall.com.tr\/en\/wp-json\/wp\/v2\/types\/product"}],"replies":[{"embeddable":true,"href":"https:\/\/corall.com.tr\/en\/wp-json\/wp\/v2\/comments?post=9182"}],"wp:featuredmedia":[{"embeddable":true,"href":"https:\/\/corall.com.tr\/en\/wp-json\/wp\/v2\/media\/9100"}],"wp:attachment":[{"href":"https:\/\/corall.com.tr\/en\/wp-json\/wp\/v2\/media?parent=9182"}],"wp:term":[{"taxonomy":"product_brand","embeddable":true,"href":"https:\/\/corall.com.tr\/en\/wp-json\/wp\/v2\/product_brand?post=9182"},{"taxonomy":"product_cat","embeddable":true,"href":"https:\/\/corall.com.tr\/en\/wp-json\/wp\/v2\/product_cat?post=9182"},{"taxonomy":"product_tag","embeddable":true,"href":"https:\/\/corall.com.tr\/en\/wp-json\/wp\/v2\/product_tag?post=9182"}],"curies":[{"name":"wp","href":"https:\/\/api.w.org\/{rel}","templated":true}]}}