{"id":9184,"date":"2018-05-10T11:47:29","date_gmt":"2018-05-10T08:47:29","guid":{"rendered":"https:\/\/corall.com.tr\/series\/uncategorized\/probioticlong\/"},"modified":"2023-03-29T00:12:37","modified_gmt":"2023-03-28T21:12:37","slug":"probioticlong","status":"publish","type":"product","link":"https:\/\/corall.com.tr\/en\/series\/bewell\/probioticlong\/","title":{"rendered":"Corall Probiotic Long"},"content":{"rendered":"<p>[vc_row][vc_column width=&#8221;1\/2&#8243;][vc_column_text]<\/p>\n<h2><strong><u>Minerals &amp; Botanicals<\/u><\/strong><\/h2>\n<p><strong>Bifidobacterium Bifidum<\/strong><br \/>\nIt attaches to intestinal cells and protects the body from toxins and microbes. It also improves sugar metabolism. It produces vital vitamins such as B12, biotin, and K2.<\/p>\n<p>&nbsp;<\/p>\n<p><strong>Bifidobacterium Infantis<\/strong><br \/>\nIt is usually the first probiotic to pass to the baby from the mother. It improves our digestive systems and protects us from infections.<\/p>\n<p>&nbsp;<\/p>\n<p><strong>Bifidobacterium Longum<\/strong><br \/>\nIt is resilient to stomach acid and bile, supports the immune system, and relieves inflammation. It also ferments plant fibers.<\/p>\n<p>&nbsp;<\/p>\n<p><strong>Inulin<\/strong><br \/>\nIt is a dietary fiber used by plants to store energy. Inulin is a valuable energy resource for probiotics.[\/vc_column_text][\/vc_column][vc_column width=&#8221;1\/2&#8243;][vc_column_text]<\/p>\n<h2><strong><u>Clinical Studies<\/u><\/strong><\/h2>\n<p>Dietary encapsulated probiotic effect on broiler serum biochemical parameter<br \/>\n<a href=\"https:\/\/pubmed.ncbi.nlm.nih.gov\/30410244\/\">https:\/\/pubmed.ncbi.nlm.nih.gov\/30410244\/<\/a><\/p>\n<p>&nbsp;<\/p>\n<p>Anti-obese effects of two Lactobacilli and two Bifidobacteria on ICR mice fed on a high fat diet<br \/>\n<a href=\"https:\/\/pubmed.ncbi.nlm.nih.gov\/27746173\/\">https:\/\/pubmed.ncbi.nlm.nih.gov\/27746173\/<\/a><\/p>\n<p>&nbsp;<\/p>\n<p>Bifidobacterium mixture (B longum BB536, B infantis M-63, B breve M-16V) treatment in children with seasonal allergic rhinitis and intermittent asthma<br \/>\n<a href=\"https:\/\/pubmed.ncbi.nlm.nih.gov\/28270216\/\">https:\/\/pubmed.ncbi.nlm.nih.gov\/28270216\/<\/a>[\/vc_column_text][\/vc_column][\/vc_row]<\/p>\n","protected":false},"excerpt":{"rendered":"<h2><strong>Premium Digestion<br \/>\n<\/strong><\/h2>\n<p>Cholesterol, allergy, and irritable bowel syndrome (IBS) patients<br \/>\nPeople with weak immune systems<br \/>\nInfection patients<\/p>\n<p><strong>Contents:<\/strong> 30 Capsules<\/p>\n<p><strong>Recommended Use:<\/strong>\u00a0 One enteric capsule once or twice a day is recommended. This nutritional supplement is suitable for ages 11 and above.<\/p>\n<p>&nbsp;<\/p>\n<h2><strong><u>BENEFITS<\/u><\/strong><\/h2>\n<p><strong>GIFT FROM MOTHER<br \/>\n<\/strong>Bifidobacterium bifidum and Bifidobacterium infantis pass to us from our mothers at birth.<\/p>\n<p><strong>IMPROVES THE IMMUNE SYSTEM<br \/>\n<\/strong>Multiple Bifidobacterium probiotic strains provide effective support.<\/p>\n<p><strong>Leaky gut syndrome (LGS)<br \/>\n<\/strong>Bifidobacterium infantis fights against the effects of the LGS.<\/p>\n<p><strong>Psychobiotic<br \/>\n<\/strong>Bifidobacterium longum is an anti-anxiety probiotic and sends anxiety-relieving signals to the brain.<\/p>\n<p><strong>HEALTHY GUT<br \/>\n<\/strong><\/p>\n","protected":false},"featured_media":9078,"comment_status":"closed","ping_status":"closed","template":"","meta":[],"product_brand":[],"product_cat":[108],"product_tag":[],"class_list":{"0":"post-9184","1":"product","2":"type-product","3":"status-publish","4":"has-post-thumbnail","6":"product_cat-bewell","8":"first","9":"outofstock","10":"sale","11":"featured","12":"taxable","13":"shipping-taxable","14":"purchasable","15":"product-type-simple"},"yoast_head":"<!-- This site is optimized with the Yoast SEO plugin v27.5 - https:\/\/yoast.com\/product\/yoast-seo-wordpress\/ -->\n<title>Corall Probiotic Long | CORALL<\/title>\n<meta name=\"description\" content=\"Premium sindirim sistemi i\u00e7in size yard\u0131mc\u0131 olacak Corall Probiotic Long&#039;dan corall.com.tr&#039;den hemen sipari\u015f verebilirsiniz. \u00d6nce Do\u011fal, Sonra Corall.\" \/>\n<meta name=\"robots\" content=\"index, follow, max-snippet:-1, max-image-preview:large, max-video-preview:-1\" \/>\n<link rel=\"canonical\" href=\"https:\/\/corall.com.tr\/en\/series\/bewell\/probioticlong\/\" \/>\n<meta property=\"og:locale\" content=\"en_US\" \/>\n<meta property=\"og:type\" content=\"article\" \/>\n<meta property=\"og:title\" content=\"Corall Probiotic Long | CORALL\" \/>\n<meta property=\"og:description\" content=\"Premium sindirim sistemi i\u00e7in size yard\u0131mc\u0131 olacak Corall Probiotic Long&#039;dan corall.com.tr&#039;den hemen sipari\u015f verebilirsiniz. \u00d6nce Do\u011fal, Sonra Corall.\" \/>\n<meta property=\"og:url\" content=\"https:\/\/corall.com.tr\/en\/series\/bewell\/probioticlong\/\" \/>\n<meta property=\"og:site_name\" content=\"CORALL\" \/>\n<meta property=\"article:publisher\" content=\"https:\/\/www.facebook.com\/corallofficial\" \/>\n<meta property=\"article:modified_time\" content=\"2023-03-28T21:12:37+00:00\" \/>\n<meta property=\"og:image\" content=\"https:\/\/corall.com.tr\/wp-content\/uploads\/2022\/04\/WhatsApp-Image-2022-03-01-at-12.47.24.jpeg\" \/>\n\t<meta property=\"og:image:width\" content=\"1118\" \/>\n\t<meta property=\"og:image:height\" content=\"1320\" \/>\n\t<meta property=\"og:image:type\" content=\"image\/jpeg\" \/>\n<meta name=\"twitter:card\" content=\"summary_large_image\" \/>\n<meta name=\"twitter:site\" content=\"@corallofficial\" \/>\n<meta name=\"twitter:label1\" content=\"Est. reading time\" \/>\n\t<meta name=\"twitter:data1\" content=\"1 minute\" \/>\n<script type=\"application\/ld+json\" class=\"yoast-schema-graph\">{\"@context\":\"https:\\\/\\\/schema.org\",\"@graph\":[{\"@type\":\"WebPage\",\"@id\":\"https:\\\/\\\/corall.com.tr\\\/en\\\/series\\\/bewell\\\/probioticlong\\\/\",\"url\":\"https:\\\/\\\/corall.com.tr\\\/en\\\/series\\\/bewell\\\/probioticlong\\\/\",\"name\":\"Corall Probiotic Long | CORALL\",\"isPartOf\":{\"@id\":\"https:\\\/\\\/corall.com.tr\\\/#website\"},\"primaryImageOfPage\":{\"@id\":\"https:\\\/\\\/corall.com.tr\\\/en\\\/series\\\/bewell\\\/probioticlong\\\/#primaryimage\"},\"image\":{\"@id\":\"https:\\\/\\\/corall.com.tr\\\/en\\\/series\\\/bewell\\\/probioticlong\\\/#primaryimage\"},\"thumbnailUrl\":\"https:\\\/\\\/corall.com.tr\\\/wp-content\\\/uploads\\\/2022\\\/04\\\/WhatsApp-Image-2022-03-01-at-12.47.24.jpeg\",\"datePublished\":\"2018-05-10T08:47:29+00:00\",\"dateModified\":\"2023-03-28T21:12:37+00:00\",\"description\":\"Premium sindirim sistemi i\u00e7in size yard\u0131mc\u0131 olacak Corall Probiotic Long'dan corall.com.tr'den hemen sipari\u015f verebilirsiniz. \u00d6nce Do\u011fal, Sonra Corall.\",\"breadcrumb\":{\"@id\":\"https:\\\/\\\/corall.com.tr\\\/en\\\/series\\\/bewell\\\/probioticlong\\\/#breadcrumb\"},\"inLanguage\":\"en-US\",\"potentialAction\":[{\"@type\":\"ReadAction\",\"target\":[\"https:\\\/\\\/corall.com.tr\\\/en\\\/series\\\/bewell\\\/probioticlong\\\/\"]}]},{\"@type\":\"ImageObject\",\"inLanguage\":\"en-US\",\"@id\":\"https:\\\/\\\/corall.com.tr\\\/en\\\/series\\\/bewell\\\/probioticlong\\\/#primaryimage\",\"url\":\"https:\\\/\\\/corall.com.tr\\\/wp-content\\\/uploads\\\/2022\\\/04\\\/WhatsApp-Image-2022-03-01-at-12.47.24.jpeg\",\"contentUrl\":\"https:\\\/\\\/corall.com.tr\\\/wp-content\\\/uploads\\\/2022\\\/04\\\/WhatsApp-Image-2022-03-01-at-12.47.24.jpeg\",\"width\":1118,\"height\":1320},{\"@type\":\"BreadcrumbList\",\"@id\":\"https:\\\/\\\/corall.com.tr\\\/en\\\/series\\\/bewell\\\/probioticlong\\\/#breadcrumb\",\"itemListElement\":[{\"@type\":\"ListItem\",\"position\":1,\"name\":\"Anasayfa\",\"item\":\"https:\\\/\\\/corall.com.tr\\\/\"},{\"@type\":\"ListItem\",\"position\":2,\"name\":\"Shop\",\"item\":\"https:\\\/\\\/corall.com.tr\\\/en\\\/shop\\\/\"},{\"@type\":\"ListItem\",\"position\":3,\"name\":\"Corall Probiotic Long\"}]},{\"@type\":\"WebSite\",\"@id\":\"https:\\\/\\\/corall.com.tr\\\/#website\",\"url\":\"https:\\\/\\\/corall.com.tr\\\/\",\"name\":\"CORALL\",\"description\":\"\u00d6nce Do\u011fal, Sonra Corall\",\"publisher\":{\"@id\":\"https:\\\/\\\/corall.com.tr\\\/#organization\"},\"potentialAction\":[{\"@type\":\"SearchAction\",\"target\":{\"@type\":\"EntryPoint\",\"urlTemplate\":\"https:\\\/\\\/corall.com.tr\\\/?s={search_term_string}\"},\"query-input\":{\"@type\":\"PropertyValueSpecification\",\"valueRequired\":true,\"valueName\":\"search_term_string\"}}],\"inLanguage\":\"en-US\"},{\"@type\":\"Organization\",\"@id\":\"https:\\\/\\\/corall.com.tr\\\/#organization\",\"name\":\"Corall\",\"url\":\"https:\\\/\\\/corall.com.tr\\\/\",\"logo\":{\"@type\":\"ImageObject\",\"inLanguage\":\"en-US\",\"@id\":\"https:\\\/\\\/corall.com.tr\\\/#\\\/schema\\\/logo\\\/image\\\/\",\"url\":\"https:\\\/\\\/corall.com.tr\\\/wp-content\\\/uploads\\\/2022\\\/04\\\/Corall-web-logo.png\",\"contentUrl\":\"https:\\\/\\\/corall.com.tr\\\/wp-content\\\/uploads\\\/2022\\\/04\\\/Corall-web-logo.png\",\"width\":403,\"height\":112,\"caption\":\"Corall\"},\"image\":{\"@id\":\"https:\\\/\\\/corall.com.tr\\\/#\\\/schema\\\/logo\\\/image\\\/\"},\"sameAs\":[\"https:\\\/\\\/www.facebook.com\\\/corallofficial\",\"https:\\\/\\\/x.com\\\/corallofficial\",\"https:\\\/\\\/www.instagram.com\\\/corallofficial\",\"https:\\\/\\\/www.youtube.com\\\/\"]}]}<\/script>\n<!-- \/ Yoast SEO plugin. -->","yoast_head_json":{"title":"Corall Probiotic Long | CORALL","description":"Premium sindirim sistemi i\u00e7in size yard\u0131mc\u0131 olacak Corall Probiotic Long'dan corall.com.tr'den hemen sipari\u015f verebilirsiniz. \u00d6nce Do\u011fal, Sonra Corall.","robots":{"index":"index","follow":"follow","max-snippet":"max-snippet:-1","max-image-preview":"max-image-preview:large","max-video-preview":"max-video-preview:-1"},"canonical":"https:\/\/corall.com.tr\/en\/series\/bewell\/probioticlong\/","og_locale":"en_US","og_type":"article","og_title":"Corall Probiotic Long | CORALL","og_description":"Premium sindirim sistemi i\u00e7in size yard\u0131mc\u0131 olacak Corall Probiotic Long'dan corall.com.tr'den hemen sipari\u015f verebilirsiniz. \u00d6nce Do\u011fal, Sonra Corall.","og_url":"https:\/\/corall.com.tr\/en\/series\/bewell\/probioticlong\/","og_site_name":"CORALL","article_publisher":"https:\/\/www.facebook.com\/corallofficial","article_modified_time":"2023-03-28T21:12:37+00:00","og_image":[{"width":1118,"height":1320,"url":"https:\/\/corall.com.tr\/wp-content\/uploads\/2022\/04\/WhatsApp-Image-2022-03-01-at-12.47.24.jpeg","type":"image\/jpeg"}],"twitter_card":"summary_large_image","twitter_site":"@corallofficial","twitter_misc":{"Est. reading time":"1 minute"},"schema":{"@context":"https:\/\/schema.org","@graph":[{"@type":"WebPage","@id":"https:\/\/corall.com.tr\/en\/series\/bewell\/probioticlong\/","url":"https:\/\/corall.com.tr\/en\/series\/bewell\/probioticlong\/","name":"Corall Probiotic Long | CORALL","isPartOf":{"@id":"https:\/\/corall.com.tr\/#website"},"primaryImageOfPage":{"@id":"https:\/\/corall.com.tr\/en\/series\/bewell\/probioticlong\/#primaryimage"},"image":{"@id":"https:\/\/corall.com.tr\/en\/series\/bewell\/probioticlong\/#primaryimage"},"thumbnailUrl":"https:\/\/corall.com.tr\/wp-content\/uploads\/2022\/04\/WhatsApp-Image-2022-03-01-at-12.47.24.jpeg","datePublished":"2018-05-10T08:47:29+00:00","dateModified":"2023-03-28T21:12:37+00:00","description":"Premium sindirim sistemi i\u00e7in size yard\u0131mc\u0131 olacak Corall Probiotic Long'dan corall.com.tr'den hemen sipari\u015f verebilirsiniz. \u00d6nce Do\u011fal, Sonra Corall.","breadcrumb":{"@id":"https:\/\/corall.com.tr\/en\/series\/bewell\/probioticlong\/#breadcrumb"},"inLanguage":"en-US","potentialAction":[{"@type":"ReadAction","target":["https:\/\/corall.com.tr\/en\/series\/bewell\/probioticlong\/"]}]},{"@type":"ImageObject","inLanguage":"en-US","@id":"https:\/\/corall.com.tr\/en\/series\/bewell\/probioticlong\/#primaryimage","url":"https:\/\/corall.com.tr\/wp-content\/uploads\/2022\/04\/WhatsApp-Image-2022-03-01-at-12.47.24.jpeg","contentUrl":"https:\/\/corall.com.tr\/wp-content\/uploads\/2022\/04\/WhatsApp-Image-2022-03-01-at-12.47.24.jpeg","width":1118,"height":1320},{"@type":"BreadcrumbList","@id":"https:\/\/corall.com.tr\/en\/series\/bewell\/probioticlong\/#breadcrumb","itemListElement":[{"@type":"ListItem","position":1,"name":"Anasayfa","item":"https:\/\/corall.com.tr\/"},{"@type":"ListItem","position":2,"name":"Shop","item":"https:\/\/corall.com.tr\/en\/shop\/"},{"@type":"ListItem","position":3,"name":"Corall Probiotic Long"}]},{"@type":"WebSite","@id":"https:\/\/corall.com.tr\/#website","url":"https:\/\/corall.com.tr\/","name":"CORALL","description":"\u00d6nce Do\u011fal, Sonra Corall","publisher":{"@id":"https:\/\/corall.com.tr\/#organization"},"potentialAction":[{"@type":"SearchAction","target":{"@type":"EntryPoint","urlTemplate":"https:\/\/corall.com.tr\/?s={search_term_string}"},"query-input":{"@type":"PropertyValueSpecification","valueRequired":true,"valueName":"search_term_string"}}],"inLanguage":"en-US"},{"@type":"Organization","@id":"https:\/\/corall.com.tr\/#organization","name":"Corall","url":"https:\/\/corall.com.tr\/","logo":{"@type":"ImageObject","inLanguage":"en-US","@id":"https:\/\/corall.com.tr\/#\/schema\/logo\/image\/","url":"https:\/\/corall.com.tr\/wp-content\/uploads\/2022\/04\/Corall-web-logo.png","contentUrl":"https:\/\/corall.com.tr\/wp-content\/uploads\/2022\/04\/Corall-web-logo.png","width":403,"height":112,"caption":"Corall"},"image":{"@id":"https:\/\/corall.com.tr\/#\/schema\/logo\/image\/"},"sameAs":["https:\/\/www.facebook.com\/corallofficial","https:\/\/x.com\/corallofficial","https:\/\/www.instagram.com\/corallofficial","https:\/\/www.youtube.com\/"]}]}},"_links":{"self":[{"href":"https:\/\/corall.com.tr\/en\/wp-json\/wp\/v2\/product\/9184","targetHints":{"allow":["GET"]}}],"collection":[{"href":"https:\/\/corall.com.tr\/en\/wp-json\/wp\/v2\/product"}],"about":[{"href":"https:\/\/corall.com.tr\/en\/wp-json\/wp\/v2\/types\/product"}],"replies":[{"embeddable":true,"href":"https:\/\/corall.com.tr\/en\/wp-json\/wp\/v2\/comments?post=9184"}],"wp:featuredmedia":[{"embeddable":true,"href":"https:\/\/corall.com.tr\/en\/wp-json\/wp\/v2\/media\/9078"}],"wp:attachment":[{"href":"https:\/\/corall.com.tr\/en\/wp-json\/wp\/v2\/media?parent=9184"}],"wp:term":[{"taxonomy":"product_brand","embeddable":true,"href":"https:\/\/corall.com.tr\/en\/wp-json\/wp\/v2\/product_brand?post=9184"},{"taxonomy":"product_cat","embeddable":true,"href":"https:\/\/corall.com.tr\/en\/wp-json\/wp\/v2\/product_cat?post=9184"},{"taxonomy":"product_tag","embeddable":true,"href":"https:\/\/corall.com.tr\/en\/wp-json\/wp\/v2\/product_tag?post=9184"}],"curies":[{"name":"wp","href":"https:\/\/api.w.org\/{rel}","templated":true}]}}