{"id":9186,"date":"2018-05-10T11:36:34","date_gmt":"2018-05-10T08:36:34","guid":{"rendered":"https:\/\/corall.com.tr\/series\/uncategorized\/magnesiumcomplex\/"},"modified":"2023-03-29T00:17:42","modified_gmt":"2023-03-28T21:17:42","slug":"magnesiumcomplex","status":"publish","type":"product","link":"https:\/\/corall.com.tr\/en\/series\/vitamineral\/magnesiumcomplex\/","title":{"rendered":"Corall Magnesium Complex"},"content":{"rendered":"<p>[vc_row][vc_column width=&#8221;1\/2&#8243;][vc_column_text]<\/p>\n<h2><strong><u>Minerals &amp; Botanicals<\/u><\/strong><\/h2>\n<p><strong>Magnesium Malate<\/strong><br \/>\nIt helps with regulating blood sugar, migraines, chronic pain, depression, and energy production during exercise.<\/p>\n<p>&nbsp;<\/p>\n<p><strong>Magnesium Taurate<\/strong><br \/>\nIt soothes the brain&#8217;s surface and is critical in sugar metabolism. It also improves cardiovascular health.<\/p>\n<p>&nbsp;<\/p>\n<p><strong>Magnesium Bisglycinate<\/strong><br \/>\nIt has the best absorption. It also has a calming and relaxing effect.[\/vc_column_text][\/vc_column][vc_column width=&#8221;1\/2&#8243;][vc_column_text]<\/p>\n<h2><strong><u>Clinical Studies<\/u><\/strong><\/h2>\n<p>The Effects of Oral Magnesium Supplementation on Glycemic Response among Type 2 Diabetes Patients<br \/>\n<a href=\"https:\/\/pubmed.ncbi.nlm.nih.gov\/30587761\/\">https:\/\/pubmed.ncbi.nlm.nih.gov\/30587761\/<\/a><\/p>\n<p>&nbsp;<\/p>\n<p>Magnesium in disease prevention and overall health<br \/>\n<a href=\"https:\/\/pubmed.ncbi.nlm.nih.gov\/23674807\/\">https:\/\/pubmed.ncbi.nlm.nih.gov\/23674807\/<\/a><\/p>\n<p>&nbsp;<\/p>\n<p>Effect of supplementation with vitamins D3 and K2 on undercarboxylated osteocalcin and insulin serum levels in patients with type 2 diabetes mellitus: a randomized, double-blind, clinical trial<br \/>\n<a href=\"https:\/\/pubmed.ncbi.nlm.nih.gov\/32831908\/\">https:\/\/pubmed.ncbi.nlm.nih.gov\/32831908\/<\/a><\/p>\n<p>&nbsp;<\/p>\n<p>Timeline (Bioavailability) of Magnesium Compounds in Hours: Which Magnesium Compound Works Best?<br \/>\n<a href=\"https:\/\/pubmed.ncbi.nlm.nih.gov\/29679349\/\">https:\/\/pubmed.ncbi.nlm.nih.gov\/29679349\/<\/a>[\/vc_column_text][\/vc_column][\/vc_row]<\/p>\n","protected":false},"excerpt":{"rendered":"<h2><strong> +300 METABOLIC REACTION<br \/>\n<\/strong><\/h2>\n<p><strong>Contents:<\/strong> 60 Tablets<\/p>\n<p><strong>Recommended Use:<\/strong>\u00a0 One tablet once or twice a day is recommended. This nutritional supplement is suitable for ages 11 and above.<\/p>\n<p>&nbsp;<\/p>\n<h2><strong><u>BENEFITS<\/u><\/strong><\/h2>\n<p><strong>MAGNESIUM +300<br \/>\n<\/strong>It plays a role in more than 300 metabolic reactions, such as energy metabolism, blood pressure regulation, nerve impulse transmission, and muscular health.<\/p>\n<p><strong>COMBATS CHRONIC FATIGUE<br \/>\n<\/strong>Magnesium is the key actor in intracellular energy production.<\/p>\n<p><strong>BLOOD SUGAR REGULATION<br \/>\n<\/strong>Magnesium is known to lower blood sugar and the risk of diabetes.<br \/>\nSome studies have shown a negative correlation between magnesium levels and the risk of type-2 diabetes and insulin resistance.<\/p>\n<p><strong>THE BODY DOES NOT PRODUCE MAGNESIUM<br \/>\n<\/strong>If the body cannot produce a mineral, it must get it from external sources.<\/p>\n","protected":false},"featured_media":9075,"comment_status":"closed","ping_status":"closed","template":"","meta":[],"product_brand":[],"product_cat":[110],"product_tag":[],"class_list":{"0":"post-9186","1":"product","2":"type-product","3":"status-publish","4":"has-post-thumbnail","6":"product_cat-vitamineral","8":"first","9":"instock","10":"sale","11":"featured","12":"taxable","13":"shipping-taxable","14":"purchasable","15":"product-type-simple"},"yoast_head":"<!-- This site is optimized with the Yoast SEO plugin v27.5 - https:\/\/yoast.com\/product\/yoast-seo-wordpress\/ -->\n<title>Corall Magnesium Complex | CORALL<\/title>\n<meta name=\"description\" content=\"Kronik yorgunluk kar\u015f\u0131t\u0131 Corall Magnesium Complex&#039;i corall.com.tr&#039;den hemen sipari\u015f verebilirsiniz. \u00d6nce Do\u011fal, Sonra Corall.\" \/>\n<meta name=\"robots\" content=\"index, follow, max-snippet:-1, max-image-preview:large, max-video-preview:-1\" \/>\n<link rel=\"canonical\" href=\"https:\/\/corall.com.tr\/en\/series\/vitamineral\/magnesiumcomplex\/\" \/>\n<meta property=\"og:locale\" content=\"en_US\" \/>\n<meta property=\"og:type\" content=\"article\" \/>\n<meta property=\"og:title\" content=\"Corall Magnesium Complex | CORALL\" \/>\n<meta property=\"og:description\" content=\"Kronik yorgunluk kar\u015f\u0131t\u0131 Corall Magnesium Complex&#039;i corall.com.tr&#039;den hemen sipari\u015f verebilirsiniz. \u00d6nce Do\u011fal, Sonra Corall.\" \/>\n<meta property=\"og:url\" content=\"https:\/\/corall.com.tr\/en\/series\/vitamineral\/magnesiumcomplex\/\" \/>\n<meta property=\"og:site_name\" content=\"CORALL\" \/>\n<meta property=\"article:publisher\" content=\"https:\/\/www.facebook.com\/corallofficial\" \/>\n<meta property=\"article:modified_time\" content=\"2023-03-28T21:17:42+00:00\" \/>\n<meta property=\"og:image\" content=\"https:\/\/corall.com.tr\/wp-content\/uploads\/2022\/04\/WhatsApp-Image-2022-03-01-at-12.45.43-1.jpeg\" \/>\n\t<meta property=\"og:image:width\" content=\"1118\" \/>\n\t<meta property=\"og:image:height\" content=\"1320\" \/>\n\t<meta property=\"og:image:type\" content=\"image\/jpeg\" \/>\n<meta name=\"twitter:card\" content=\"summary_large_image\" \/>\n<meta name=\"twitter:site\" content=\"@corallofficial\" \/>\n<meta name=\"twitter:label1\" content=\"Est. reading time\" \/>\n\t<meta name=\"twitter:data1\" content=\"1 minute\" \/>\n<script type=\"application\/ld+json\" class=\"yoast-schema-graph\">{\"@context\":\"https:\\\/\\\/schema.org\",\"@graph\":[{\"@type\":\"WebPage\",\"@id\":\"https:\\\/\\\/corall.com.tr\\\/en\\\/series\\\/vitamineral\\\/magnesiumcomplex\\\/\",\"url\":\"https:\\\/\\\/corall.com.tr\\\/en\\\/series\\\/vitamineral\\\/magnesiumcomplex\\\/\",\"name\":\"Corall Magnesium Complex | CORALL\",\"isPartOf\":{\"@id\":\"https:\\\/\\\/corall.com.tr\\\/#website\"},\"primaryImageOfPage\":{\"@id\":\"https:\\\/\\\/corall.com.tr\\\/en\\\/series\\\/vitamineral\\\/magnesiumcomplex\\\/#primaryimage\"},\"image\":{\"@id\":\"https:\\\/\\\/corall.com.tr\\\/en\\\/series\\\/vitamineral\\\/magnesiumcomplex\\\/#primaryimage\"},\"thumbnailUrl\":\"https:\\\/\\\/corall.com.tr\\\/wp-content\\\/uploads\\\/2022\\\/04\\\/WhatsApp-Image-2022-03-01-at-12.45.43-1.jpeg\",\"datePublished\":\"2018-05-10T08:36:34+00:00\",\"dateModified\":\"2023-03-28T21:17:42+00:00\",\"description\":\"Kronik yorgunluk kar\u015f\u0131t\u0131 Corall Magnesium Complex'i corall.com.tr'den hemen sipari\u015f verebilirsiniz. \u00d6nce Do\u011fal, Sonra Corall.\",\"breadcrumb\":{\"@id\":\"https:\\\/\\\/corall.com.tr\\\/en\\\/series\\\/vitamineral\\\/magnesiumcomplex\\\/#breadcrumb\"},\"inLanguage\":\"en-US\",\"potentialAction\":[{\"@type\":\"ReadAction\",\"target\":[\"https:\\\/\\\/corall.com.tr\\\/en\\\/series\\\/vitamineral\\\/magnesiumcomplex\\\/\"]}]},{\"@type\":\"ImageObject\",\"inLanguage\":\"en-US\",\"@id\":\"https:\\\/\\\/corall.com.tr\\\/en\\\/series\\\/vitamineral\\\/magnesiumcomplex\\\/#primaryimage\",\"url\":\"https:\\\/\\\/corall.com.tr\\\/wp-content\\\/uploads\\\/2022\\\/04\\\/WhatsApp-Image-2022-03-01-at-12.45.43-1.jpeg\",\"contentUrl\":\"https:\\\/\\\/corall.com.tr\\\/wp-content\\\/uploads\\\/2022\\\/04\\\/WhatsApp-Image-2022-03-01-at-12.45.43-1.jpeg\",\"width\":1118,\"height\":1320},{\"@type\":\"BreadcrumbList\",\"@id\":\"https:\\\/\\\/corall.com.tr\\\/en\\\/series\\\/vitamineral\\\/magnesiumcomplex\\\/#breadcrumb\",\"itemListElement\":[{\"@type\":\"ListItem\",\"position\":1,\"name\":\"Anasayfa\",\"item\":\"https:\\\/\\\/corall.com.tr\\\/\"},{\"@type\":\"ListItem\",\"position\":2,\"name\":\"Shop\",\"item\":\"https:\\\/\\\/corall.com.tr\\\/en\\\/shop\\\/\"},{\"@type\":\"ListItem\",\"position\":3,\"name\":\"Corall Magnesium Complex\"}]},{\"@type\":\"WebSite\",\"@id\":\"https:\\\/\\\/corall.com.tr\\\/#website\",\"url\":\"https:\\\/\\\/corall.com.tr\\\/\",\"name\":\"CORALL\",\"description\":\"\u00d6nce Do\u011fal, Sonra Corall\",\"publisher\":{\"@id\":\"https:\\\/\\\/corall.com.tr\\\/#organization\"},\"potentialAction\":[{\"@type\":\"SearchAction\",\"target\":{\"@type\":\"EntryPoint\",\"urlTemplate\":\"https:\\\/\\\/corall.com.tr\\\/?s={search_term_string}\"},\"query-input\":{\"@type\":\"PropertyValueSpecification\",\"valueRequired\":true,\"valueName\":\"search_term_string\"}}],\"inLanguage\":\"en-US\"},{\"@type\":\"Organization\",\"@id\":\"https:\\\/\\\/corall.com.tr\\\/#organization\",\"name\":\"Corall\",\"url\":\"https:\\\/\\\/corall.com.tr\\\/\",\"logo\":{\"@type\":\"ImageObject\",\"inLanguage\":\"en-US\",\"@id\":\"https:\\\/\\\/corall.com.tr\\\/#\\\/schema\\\/logo\\\/image\\\/\",\"url\":\"https:\\\/\\\/corall.com.tr\\\/wp-content\\\/uploads\\\/2022\\\/04\\\/Corall-web-logo.png\",\"contentUrl\":\"https:\\\/\\\/corall.com.tr\\\/wp-content\\\/uploads\\\/2022\\\/04\\\/Corall-web-logo.png\",\"width\":403,\"height\":112,\"caption\":\"Corall\"},\"image\":{\"@id\":\"https:\\\/\\\/corall.com.tr\\\/#\\\/schema\\\/logo\\\/image\\\/\"},\"sameAs\":[\"https:\\\/\\\/www.facebook.com\\\/corallofficial\",\"https:\\\/\\\/x.com\\\/corallofficial\",\"https:\\\/\\\/www.instagram.com\\\/corallofficial\",\"https:\\\/\\\/www.youtube.com\\\/\"]}]}<\/script>\n<!-- \/ Yoast SEO plugin. -->","yoast_head_json":{"title":"Corall Magnesium Complex | CORALL","description":"Kronik yorgunluk kar\u015f\u0131t\u0131 Corall Magnesium Complex'i corall.com.tr'den hemen sipari\u015f verebilirsiniz. \u00d6nce Do\u011fal, Sonra Corall.","robots":{"index":"index","follow":"follow","max-snippet":"max-snippet:-1","max-image-preview":"max-image-preview:large","max-video-preview":"max-video-preview:-1"},"canonical":"https:\/\/corall.com.tr\/en\/series\/vitamineral\/magnesiumcomplex\/","og_locale":"en_US","og_type":"article","og_title":"Corall Magnesium Complex | CORALL","og_description":"Kronik yorgunluk kar\u015f\u0131t\u0131 Corall Magnesium Complex'i corall.com.tr'den hemen sipari\u015f verebilirsiniz. \u00d6nce Do\u011fal, Sonra Corall.","og_url":"https:\/\/corall.com.tr\/en\/series\/vitamineral\/magnesiumcomplex\/","og_site_name":"CORALL","article_publisher":"https:\/\/www.facebook.com\/corallofficial","article_modified_time":"2023-03-28T21:17:42+00:00","og_image":[{"width":1118,"height":1320,"url":"https:\/\/corall.com.tr\/wp-content\/uploads\/2022\/04\/WhatsApp-Image-2022-03-01-at-12.45.43-1.jpeg","type":"image\/jpeg"}],"twitter_card":"summary_large_image","twitter_site":"@corallofficial","twitter_misc":{"Est. reading time":"1 minute"},"schema":{"@context":"https:\/\/schema.org","@graph":[{"@type":"WebPage","@id":"https:\/\/corall.com.tr\/en\/series\/vitamineral\/magnesiumcomplex\/","url":"https:\/\/corall.com.tr\/en\/series\/vitamineral\/magnesiumcomplex\/","name":"Corall Magnesium Complex | CORALL","isPartOf":{"@id":"https:\/\/corall.com.tr\/#website"},"primaryImageOfPage":{"@id":"https:\/\/corall.com.tr\/en\/series\/vitamineral\/magnesiumcomplex\/#primaryimage"},"image":{"@id":"https:\/\/corall.com.tr\/en\/series\/vitamineral\/magnesiumcomplex\/#primaryimage"},"thumbnailUrl":"https:\/\/corall.com.tr\/wp-content\/uploads\/2022\/04\/WhatsApp-Image-2022-03-01-at-12.45.43-1.jpeg","datePublished":"2018-05-10T08:36:34+00:00","dateModified":"2023-03-28T21:17:42+00:00","description":"Kronik yorgunluk kar\u015f\u0131t\u0131 Corall Magnesium Complex'i corall.com.tr'den hemen sipari\u015f verebilirsiniz. \u00d6nce Do\u011fal, Sonra Corall.","breadcrumb":{"@id":"https:\/\/corall.com.tr\/en\/series\/vitamineral\/magnesiumcomplex\/#breadcrumb"},"inLanguage":"en-US","potentialAction":[{"@type":"ReadAction","target":["https:\/\/corall.com.tr\/en\/series\/vitamineral\/magnesiumcomplex\/"]}]},{"@type":"ImageObject","inLanguage":"en-US","@id":"https:\/\/corall.com.tr\/en\/series\/vitamineral\/magnesiumcomplex\/#primaryimage","url":"https:\/\/corall.com.tr\/wp-content\/uploads\/2022\/04\/WhatsApp-Image-2022-03-01-at-12.45.43-1.jpeg","contentUrl":"https:\/\/corall.com.tr\/wp-content\/uploads\/2022\/04\/WhatsApp-Image-2022-03-01-at-12.45.43-1.jpeg","width":1118,"height":1320},{"@type":"BreadcrumbList","@id":"https:\/\/corall.com.tr\/en\/series\/vitamineral\/magnesiumcomplex\/#breadcrumb","itemListElement":[{"@type":"ListItem","position":1,"name":"Anasayfa","item":"https:\/\/corall.com.tr\/"},{"@type":"ListItem","position":2,"name":"Shop","item":"https:\/\/corall.com.tr\/en\/shop\/"},{"@type":"ListItem","position":3,"name":"Corall Magnesium Complex"}]},{"@type":"WebSite","@id":"https:\/\/corall.com.tr\/#website","url":"https:\/\/corall.com.tr\/","name":"CORALL","description":"\u00d6nce Do\u011fal, Sonra Corall","publisher":{"@id":"https:\/\/corall.com.tr\/#organization"},"potentialAction":[{"@type":"SearchAction","target":{"@type":"EntryPoint","urlTemplate":"https:\/\/corall.com.tr\/?s={search_term_string}"},"query-input":{"@type":"PropertyValueSpecification","valueRequired":true,"valueName":"search_term_string"}}],"inLanguage":"en-US"},{"@type":"Organization","@id":"https:\/\/corall.com.tr\/#organization","name":"Corall","url":"https:\/\/corall.com.tr\/","logo":{"@type":"ImageObject","inLanguage":"en-US","@id":"https:\/\/corall.com.tr\/#\/schema\/logo\/image\/","url":"https:\/\/corall.com.tr\/wp-content\/uploads\/2022\/04\/Corall-web-logo.png","contentUrl":"https:\/\/corall.com.tr\/wp-content\/uploads\/2022\/04\/Corall-web-logo.png","width":403,"height":112,"caption":"Corall"},"image":{"@id":"https:\/\/corall.com.tr\/#\/schema\/logo\/image\/"},"sameAs":["https:\/\/www.facebook.com\/corallofficial","https:\/\/x.com\/corallofficial","https:\/\/www.instagram.com\/corallofficial","https:\/\/www.youtube.com\/"]}]}},"_links":{"self":[{"href":"https:\/\/corall.com.tr\/en\/wp-json\/wp\/v2\/product\/9186","targetHints":{"allow":["GET"]}}],"collection":[{"href":"https:\/\/corall.com.tr\/en\/wp-json\/wp\/v2\/product"}],"about":[{"href":"https:\/\/corall.com.tr\/en\/wp-json\/wp\/v2\/types\/product"}],"replies":[{"embeddable":true,"href":"https:\/\/corall.com.tr\/en\/wp-json\/wp\/v2\/comments?post=9186"}],"wp:featuredmedia":[{"embeddable":true,"href":"https:\/\/corall.com.tr\/en\/wp-json\/wp\/v2\/media\/9075"}],"wp:attachment":[{"href":"https:\/\/corall.com.tr\/en\/wp-json\/wp\/v2\/media?parent=9186"}],"wp:term":[{"taxonomy":"product_brand","embeddable":true,"href":"https:\/\/corall.com.tr\/en\/wp-json\/wp\/v2\/product_brand?post=9186"},{"taxonomy":"product_cat","embeddable":true,"href":"https:\/\/corall.com.tr\/en\/wp-json\/wp\/v2\/product_cat?post=9186"},{"taxonomy":"product_tag","embeddable":true,"href":"https:\/\/corall.com.tr\/en\/wp-json\/wp\/v2\/product_tag?post=9186"}],"curies":[{"name":"wp","href":"https:\/\/api.w.org\/{rel}","templated":true}]}}