{"id":9192,"date":"2018-05-10T11:39:53","date_gmt":"2018-05-10T08:39:53","guid":{"rendered":"https:\/\/corall.com.tr\/series\/uncategorized\/type-2\/"},"modified":"2023-03-29T00:40:40","modified_gmt":"2023-03-28T21:40:40","slug":"type-2","status":"publish","type":"product","link":"https:\/\/corall.com.tr\/en\/series\/clinique\/type-2\/","title":{"rendered":"Corall Type-2"},"content":{"rendered":"<p>[vc_row][vc_column width=&#8221;1\/2&#8243;][vc_column_text]<\/p>\n<h2><strong><u>Minerals &amp; Botanicals<\/u><\/strong><\/h2>\n<p><strong>Curcuma laonga<\/strong><br \/>\nIt is the active ingredient in turmeric and is a very strong antioxidant and anti-inflammatory.<\/p>\n<p>&nbsp;<\/p>\n<p><strong>Piperine<\/strong><br \/>\nIt has numerous pharmacological effects such as antitumor, antioxidant, antiproliferative, antiangiogenesis, antidiabetic, anti-obesity, cardioprotective, antimicrobial, antiaging, and immunomodulatory effects shown in various in vitro and in vivo experimental trials.<\/p>\n<p>&nbsp;<\/p>\n<p><strong>Clinical studies of Cinnamomum verum<\/strong><br \/>\nIt is shown to be effective in plasma lipids and against diabetes.[\/vc_column_text][\/vc_column][vc_column width=&#8221;1\/2&#8243;][vc_column_text]<\/p>\n<h2><strong><u>Clinical Studies<\/u><\/strong><\/h2>\n<p>Alpha-lipoic acid (LA) possesses beneficial effects both in the prevention and in the treatment of diabetes. LA is a potent antioxidant with insulin-mimetic and anti-inflammatory activity. LA in the diet is quickly absorbed, transported to the intracellular compartments, and reduced to dihydrolipoic acid (DHLA) under the action of enzymes.<br \/>\n<a href=\"https:\/\/pubmed.ncbi.nlm.nih.gov\/26406389\/\">https:\/\/pubmed.ncbi.nlm.nih.gov\/26406389\/<\/a><\/p>\n<p>&nbsp;<\/p>\n<p>Cinnamon significantly reduced fasting blood glucose (FBG) and homeostatic model assessment for insulin resistance (HOMA-IR) level compared to placebo<br \/>\n<a href=\"https:\/\/pubmed.ncbi.nlm.nih.gov\/31425768\/\">https:\/\/pubmed.ncbi.nlm.nih.gov\/31425768\/<\/a><\/p>\n<p>&nbsp;<\/p>\n<p>Quercetin is a polyphenol, which is a derivative of plants, and has been shown\u00a0in vitro\u00a0as well as in a few animal models to have several potential anti-inflammatory as well as anticarcinogenic applications. The substance has also been shown to aid in the attenuation of lipid peroxidation, platelet aggregation, and capillary permeability. However, further research is called for to gain a better understanding of how quercetin is able to provide these beneficial effects. This manuscript reviewed quercetin&#8217;s anti-inflammatory properties in relation to obesity and type 2 diabetes<\/p>\n<p><a href=\"https:\/\/pubmed.ncbi.nlm.nih.gov\/28003714\/\">https:\/\/pubmed.ncbi.nlm.nih.gov\/28003714\/<\/a><\/p>\n<p>&nbsp;<\/p>\n<p>Alpha-Lipoic Acid: A Dietary Supplement With Therapeutic Potential for Obesity and Related Metabolic Diseases<br \/>\n<a href=\"https:\/\/doi.org\/10.1016\/B978-0-12-812491-8.00011-4\">https:\/\/doi.org\/10.1016\/B978-0-12-812491-8.00011-4<\/a>[\/vc_column_text][\/vc_column][\/vc_row]<\/p>\n","protected":false},"excerpt":{"rendered":"<h2><strong>Your Smartest Assistant in<br \/>\n<\/strong><strong>Managing Your Blood Sugar<br \/>\n<\/strong><\/h2>\n<p>Type-2 Diabetics<br \/>\nPeople with insulin resistance<br \/>\nPeople with irregular blood sugar<br \/>\nPeople undergoing obesity treatment<\/p>\n<p><strong>Contents:<\/strong> 60 Capsules<\/p>\n<p><strong>Recommended Use:<\/strong>\u00a0 One capsules a day is recommended.<\/p>\n<p>&nbsp;<\/p>\n<h2><strong><u>BENEFITS<\/u><\/strong><\/h2>\n<p><strong>HIGH ABSORPTION FORM R-ALPHA LIPOIC ACID<br \/>\n<\/strong>R-alpha-lipoic acid has the best absorbable ALA type, the R-form.<\/p>\n<p><strong>ANTIOXIDANT EFFECT<br \/>\n<\/strong>Quercetin is your body&#8217;s biggest ally in fighting free radicals.<\/p>\n<p><strong>IMPRESSIVE DUO<br \/>\n<\/strong>Curcumin and piperine. Piperine increases curcumin&#8217;s absorption twenty-fold.<\/p>\n<p><strong>CHROMIUM PICOLINATE FOR INSULIN RESISTANCE<br \/>\n<\/strong>It regulates insulin levels by increasing the sensitivity of insulin receptors.<\/p>\n<p><strong>GLUCOSE TRANSPORT<br \/>\n<\/strong>Cinnamon bark oil is effective in glucose transport and insulin signalization.<\/p>\n<p><strong>GLUTATHIONE AND L-CYSTEINE PARTNERSHIP IN OUR BODIES<br \/>\n<\/strong>The glutathione and l-cysteine in our bodies act together in intracellular homeostasis.<\/p>\n","protected":false},"featured_media":9074,"comment_status":"closed","ping_status":"closed","template":"","meta":[],"product_brand":[],"product_cat":[109],"product_tag":[],"class_list":{"0":"post-9192","1":"product","2":"type-product","3":"status-publish","4":"has-post-thumbnail","6":"product_cat-clinique","8":"first","9":"outofstock","10":"sale","11":"featured","12":"taxable","13":"shipping-taxable","14":"purchasable","15":"product-type-simple"},"yoast_head":"<!-- This site is optimized with the Yoast SEO plugin v27.5 - https:\/\/yoast.com\/product\/yoast-seo-wordpress\/ -->\n<title>Corall Type-2 | CORALL<\/title>\n<meta name=\"description\" content=\"Kan \u015fekeri seviyenizi y\u00f6netmenize yard\u0131mc\u0131 olan Corall Type-2&#039;yi corall.com.tr&#039;den hemen sipari\u015f verebilirsiniz. \u00d6nce Do\u011fal, Sonra Corall.\" \/>\n<meta name=\"robots\" content=\"index, follow, max-snippet:-1, max-image-preview:large, max-video-preview:-1\" \/>\n<link rel=\"canonical\" href=\"https:\/\/corall.com.tr\/en\/series\/clinique\/type-2\/\" \/>\n<meta property=\"og:locale\" content=\"en_US\" \/>\n<meta property=\"og:type\" content=\"article\" \/>\n<meta property=\"og:title\" content=\"Corall Type-2 | CORALL\" \/>\n<meta property=\"og:description\" content=\"Kan \u015fekeri seviyenizi y\u00f6netmenize yard\u0131mc\u0131 olan Corall Type-2&#039;yi corall.com.tr&#039;den hemen sipari\u015f verebilirsiniz. \u00d6nce Do\u011fal, Sonra Corall.\" \/>\n<meta property=\"og:url\" content=\"https:\/\/corall.com.tr\/en\/series\/clinique\/type-2\/\" \/>\n<meta property=\"og:site_name\" content=\"CORALL\" \/>\n<meta property=\"article:publisher\" content=\"https:\/\/www.facebook.com\/corallofficial\" \/>\n<meta property=\"article:modified_time\" content=\"2023-03-28T21:40:40+00:00\" \/>\n<meta property=\"og:image\" content=\"https:\/\/corall.com.tr\/wp-content\/uploads\/2022\/04\/WhatsApp-Image-2022-03-01-at-12.45.42.jpeg\" \/>\n\t<meta property=\"og:image:width\" content=\"1118\" \/>\n\t<meta property=\"og:image:height\" content=\"1320\" \/>\n\t<meta property=\"og:image:type\" content=\"image\/jpeg\" \/>\n<meta name=\"twitter:card\" content=\"summary_large_image\" \/>\n<meta name=\"twitter:site\" content=\"@corallofficial\" \/>\n<meta name=\"twitter:label1\" content=\"Est. reading time\" \/>\n\t<meta name=\"twitter:data1\" content=\"2 minutes\" \/>\n<script type=\"application\/ld+json\" class=\"yoast-schema-graph\">{\"@context\":\"https:\\\/\\\/schema.org\",\"@graph\":[{\"@type\":\"WebPage\",\"@id\":\"https:\\\/\\\/corall.com.tr\\\/en\\\/series\\\/clinique\\\/type-2\\\/\",\"url\":\"https:\\\/\\\/corall.com.tr\\\/en\\\/series\\\/clinique\\\/type-2\\\/\",\"name\":\"Corall Type-2 | CORALL\",\"isPartOf\":{\"@id\":\"https:\\\/\\\/corall.com.tr\\\/#website\"},\"primaryImageOfPage\":{\"@id\":\"https:\\\/\\\/corall.com.tr\\\/en\\\/series\\\/clinique\\\/type-2\\\/#primaryimage\"},\"image\":{\"@id\":\"https:\\\/\\\/corall.com.tr\\\/en\\\/series\\\/clinique\\\/type-2\\\/#primaryimage\"},\"thumbnailUrl\":\"https:\\\/\\\/corall.com.tr\\\/wp-content\\\/uploads\\\/2022\\\/04\\\/WhatsApp-Image-2022-03-01-at-12.45.42.jpeg\",\"datePublished\":\"2018-05-10T08:39:53+00:00\",\"dateModified\":\"2023-03-28T21:40:40+00:00\",\"description\":\"Kan \u015fekeri seviyenizi y\u00f6netmenize yard\u0131mc\u0131 olan Corall Type-2'yi corall.com.tr'den hemen sipari\u015f verebilirsiniz. \u00d6nce Do\u011fal, Sonra Corall.\",\"breadcrumb\":{\"@id\":\"https:\\\/\\\/corall.com.tr\\\/en\\\/series\\\/clinique\\\/type-2\\\/#breadcrumb\"},\"inLanguage\":\"en-US\",\"potentialAction\":[{\"@type\":\"ReadAction\",\"target\":[\"https:\\\/\\\/corall.com.tr\\\/en\\\/series\\\/clinique\\\/type-2\\\/\"]}]},{\"@type\":\"ImageObject\",\"inLanguage\":\"en-US\",\"@id\":\"https:\\\/\\\/corall.com.tr\\\/en\\\/series\\\/clinique\\\/type-2\\\/#primaryimage\",\"url\":\"https:\\\/\\\/corall.com.tr\\\/wp-content\\\/uploads\\\/2022\\\/04\\\/WhatsApp-Image-2022-03-01-at-12.45.42.jpeg\",\"contentUrl\":\"https:\\\/\\\/corall.com.tr\\\/wp-content\\\/uploads\\\/2022\\\/04\\\/WhatsApp-Image-2022-03-01-at-12.45.42.jpeg\",\"width\":1118,\"height\":1320},{\"@type\":\"BreadcrumbList\",\"@id\":\"https:\\\/\\\/corall.com.tr\\\/en\\\/series\\\/clinique\\\/type-2\\\/#breadcrumb\",\"itemListElement\":[{\"@type\":\"ListItem\",\"position\":1,\"name\":\"Anasayfa\",\"item\":\"https:\\\/\\\/corall.com.tr\\\/\"},{\"@type\":\"ListItem\",\"position\":2,\"name\":\"Shop\",\"item\":\"https:\\\/\\\/corall.com.tr\\\/en\\\/shop\\\/\"},{\"@type\":\"ListItem\",\"position\":3,\"name\":\"Corall Type-2\"}]},{\"@type\":\"WebSite\",\"@id\":\"https:\\\/\\\/corall.com.tr\\\/#website\",\"url\":\"https:\\\/\\\/corall.com.tr\\\/\",\"name\":\"CORALL\",\"description\":\"\u00d6nce Do\u011fal, Sonra Corall\",\"publisher\":{\"@id\":\"https:\\\/\\\/corall.com.tr\\\/#organization\"},\"potentialAction\":[{\"@type\":\"SearchAction\",\"target\":{\"@type\":\"EntryPoint\",\"urlTemplate\":\"https:\\\/\\\/corall.com.tr\\\/?s={search_term_string}\"},\"query-input\":{\"@type\":\"PropertyValueSpecification\",\"valueRequired\":true,\"valueName\":\"search_term_string\"}}],\"inLanguage\":\"en-US\"},{\"@type\":\"Organization\",\"@id\":\"https:\\\/\\\/corall.com.tr\\\/#organization\",\"name\":\"Corall\",\"url\":\"https:\\\/\\\/corall.com.tr\\\/\",\"logo\":{\"@type\":\"ImageObject\",\"inLanguage\":\"en-US\",\"@id\":\"https:\\\/\\\/corall.com.tr\\\/#\\\/schema\\\/logo\\\/image\\\/\",\"url\":\"https:\\\/\\\/corall.com.tr\\\/wp-content\\\/uploads\\\/2022\\\/04\\\/Corall-web-logo.png\",\"contentUrl\":\"https:\\\/\\\/corall.com.tr\\\/wp-content\\\/uploads\\\/2022\\\/04\\\/Corall-web-logo.png\",\"width\":403,\"height\":112,\"caption\":\"Corall\"},\"image\":{\"@id\":\"https:\\\/\\\/corall.com.tr\\\/#\\\/schema\\\/logo\\\/image\\\/\"},\"sameAs\":[\"https:\\\/\\\/www.facebook.com\\\/corallofficial\",\"https:\\\/\\\/x.com\\\/corallofficial\",\"https:\\\/\\\/www.instagram.com\\\/corallofficial\",\"https:\\\/\\\/www.youtube.com\\\/\"]}]}<\/script>\n<!-- \/ Yoast SEO plugin. -->","yoast_head_json":{"title":"Corall Type-2 | CORALL","description":"Kan \u015fekeri seviyenizi y\u00f6netmenize yard\u0131mc\u0131 olan Corall Type-2'yi corall.com.tr'den hemen sipari\u015f verebilirsiniz. \u00d6nce Do\u011fal, Sonra Corall.","robots":{"index":"index","follow":"follow","max-snippet":"max-snippet:-1","max-image-preview":"max-image-preview:large","max-video-preview":"max-video-preview:-1"},"canonical":"https:\/\/corall.com.tr\/en\/series\/clinique\/type-2\/","og_locale":"en_US","og_type":"article","og_title":"Corall Type-2 | CORALL","og_description":"Kan \u015fekeri seviyenizi y\u00f6netmenize yard\u0131mc\u0131 olan Corall Type-2'yi corall.com.tr'den hemen sipari\u015f verebilirsiniz. \u00d6nce Do\u011fal, Sonra Corall.","og_url":"https:\/\/corall.com.tr\/en\/series\/clinique\/type-2\/","og_site_name":"CORALL","article_publisher":"https:\/\/www.facebook.com\/corallofficial","article_modified_time":"2023-03-28T21:40:40+00:00","og_image":[{"width":1118,"height":1320,"url":"https:\/\/corall.com.tr\/wp-content\/uploads\/2022\/04\/WhatsApp-Image-2022-03-01-at-12.45.42.jpeg","type":"image\/jpeg"}],"twitter_card":"summary_large_image","twitter_site":"@corallofficial","twitter_misc":{"Est. reading time":"2 minutes"},"schema":{"@context":"https:\/\/schema.org","@graph":[{"@type":"WebPage","@id":"https:\/\/corall.com.tr\/en\/series\/clinique\/type-2\/","url":"https:\/\/corall.com.tr\/en\/series\/clinique\/type-2\/","name":"Corall Type-2 | CORALL","isPartOf":{"@id":"https:\/\/corall.com.tr\/#website"},"primaryImageOfPage":{"@id":"https:\/\/corall.com.tr\/en\/series\/clinique\/type-2\/#primaryimage"},"image":{"@id":"https:\/\/corall.com.tr\/en\/series\/clinique\/type-2\/#primaryimage"},"thumbnailUrl":"https:\/\/corall.com.tr\/wp-content\/uploads\/2022\/04\/WhatsApp-Image-2022-03-01-at-12.45.42.jpeg","datePublished":"2018-05-10T08:39:53+00:00","dateModified":"2023-03-28T21:40:40+00:00","description":"Kan \u015fekeri seviyenizi y\u00f6netmenize yard\u0131mc\u0131 olan Corall Type-2'yi corall.com.tr'den hemen sipari\u015f verebilirsiniz. \u00d6nce Do\u011fal, Sonra Corall.","breadcrumb":{"@id":"https:\/\/corall.com.tr\/en\/series\/clinique\/type-2\/#breadcrumb"},"inLanguage":"en-US","potentialAction":[{"@type":"ReadAction","target":["https:\/\/corall.com.tr\/en\/series\/clinique\/type-2\/"]}]},{"@type":"ImageObject","inLanguage":"en-US","@id":"https:\/\/corall.com.tr\/en\/series\/clinique\/type-2\/#primaryimage","url":"https:\/\/corall.com.tr\/wp-content\/uploads\/2022\/04\/WhatsApp-Image-2022-03-01-at-12.45.42.jpeg","contentUrl":"https:\/\/corall.com.tr\/wp-content\/uploads\/2022\/04\/WhatsApp-Image-2022-03-01-at-12.45.42.jpeg","width":1118,"height":1320},{"@type":"BreadcrumbList","@id":"https:\/\/corall.com.tr\/en\/series\/clinique\/type-2\/#breadcrumb","itemListElement":[{"@type":"ListItem","position":1,"name":"Anasayfa","item":"https:\/\/corall.com.tr\/"},{"@type":"ListItem","position":2,"name":"Shop","item":"https:\/\/corall.com.tr\/en\/shop\/"},{"@type":"ListItem","position":3,"name":"Corall Type-2"}]},{"@type":"WebSite","@id":"https:\/\/corall.com.tr\/#website","url":"https:\/\/corall.com.tr\/","name":"CORALL","description":"\u00d6nce Do\u011fal, Sonra Corall","publisher":{"@id":"https:\/\/corall.com.tr\/#organization"},"potentialAction":[{"@type":"SearchAction","target":{"@type":"EntryPoint","urlTemplate":"https:\/\/corall.com.tr\/?s={search_term_string}"},"query-input":{"@type":"PropertyValueSpecification","valueRequired":true,"valueName":"search_term_string"}}],"inLanguage":"en-US"},{"@type":"Organization","@id":"https:\/\/corall.com.tr\/#organization","name":"Corall","url":"https:\/\/corall.com.tr\/","logo":{"@type":"ImageObject","inLanguage":"en-US","@id":"https:\/\/corall.com.tr\/#\/schema\/logo\/image\/","url":"https:\/\/corall.com.tr\/wp-content\/uploads\/2022\/04\/Corall-web-logo.png","contentUrl":"https:\/\/corall.com.tr\/wp-content\/uploads\/2022\/04\/Corall-web-logo.png","width":403,"height":112,"caption":"Corall"},"image":{"@id":"https:\/\/corall.com.tr\/#\/schema\/logo\/image\/"},"sameAs":["https:\/\/www.facebook.com\/corallofficial","https:\/\/x.com\/corallofficial","https:\/\/www.instagram.com\/corallofficial","https:\/\/www.youtube.com\/"]}]}},"_links":{"self":[{"href":"https:\/\/corall.com.tr\/en\/wp-json\/wp\/v2\/product\/9192","targetHints":{"allow":["GET"]}}],"collection":[{"href":"https:\/\/corall.com.tr\/en\/wp-json\/wp\/v2\/product"}],"about":[{"href":"https:\/\/corall.com.tr\/en\/wp-json\/wp\/v2\/types\/product"}],"replies":[{"embeddable":true,"href":"https:\/\/corall.com.tr\/en\/wp-json\/wp\/v2\/comments?post=9192"}],"wp:featuredmedia":[{"embeddable":true,"href":"https:\/\/corall.com.tr\/en\/wp-json\/wp\/v2\/media\/9074"}],"wp:attachment":[{"href":"https:\/\/corall.com.tr\/en\/wp-json\/wp\/v2\/media?parent=9192"}],"wp:term":[{"taxonomy":"product_brand","embeddable":true,"href":"https:\/\/corall.com.tr\/en\/wp-json\/wp\/v2\/product_brand?post=9192"},{"taxonomy":"product_cat","embeddable":true,"href":"https:\/\/corall.com.tr\/en\/wp-json\/wp\/v2\/product_cat?post=9192"},{"taxonomy":"product_tag","embeddable":true,"href":"https:\/\/corall.com.tr\/en\/wp-json\/wp\/v2\/product_tag?post=9192"}],"curies":[{"name":"wp","href":"https:\/\/api.w.org\/{rel}","templated":true}]}}